{"id":12588,"date":"2023-07-10T16:05:43","date_gmt":"2023-07-10T13:05:43","guid":{"rendered":"https:\/\/alleegalerii.ee\/?post_type=product&#038;p=12588"},"modified":"2024-01-27T12:52:43","modified_gmt":"2024-01-27T10:52:43","slug":"marju-bormeister-voilillede-meri-1995","status":"publish","type":"product","link":"https:\/\/alleegalerii.ee\/en\/shop\/marju-bormeister-voilillede-meri-1995\/","title":{"rendered":"Marju Bormeister &#8220;V\u00f5ilillede meri&#8221;, 1995"},"content":{"rendered":"","protected":false},"excerpt":{"rendered":"<p>M\u00dc\u00dcDUD<\/p>\n<p>\u00d5li papil. Raamitud.<\/p>\n<p>M\u00f5\u00f5dud: 70 x 90 cm.<\/p>\n<p>All paremal: MBormeister P\u00f6\u00f6rdel: MARJU BORMEISTER &#8220;V\u00d5ILILLEDE MERI&#8221; 1995 (V\u00d5ILILLI KILPKONNALE) J\u00c4RVAMAA, ANNA Tallinn, 1995 70 x 90<\/p>\n<p>Marju Bormeister sai juba geenidega kaasa kunstiande. 1985. aastal ERKI maalikunstniku ja pedagoogina l\u00f5petanud Bormeister armastab oma loomingus kasutada motiive loodusest, lisaks maastike kujutamisele ka k\u00f5nekaid s\u00fcmboleid nagu kala v\u00f5i kukk. K\u00e4esoleval teosel on Bormeister kujutanud suvist v\u00f5ilillemerd looduskaunil J\u00e4rvamaal.<\/p>\n<p>&nbsp;<\/p>\n","protected":false},"featured_media":12589,"template":"","meta":{"_acf_changed":false},"product_brand":[],"product_cat":[415,56,57,59],"product_tag":[60],"class_list":{"0":"post-12588","1":"product","2":"type-product","3":"status-publish","4":"has-post-thumbnail","6":"product_cat-maal","7":"product_cat-olimaal","8":"product_cat-muudud","9":"product_cat-e-pood","10":"product_tag-e-pood","12":"first","13":"outofstock","14":"sold-individually","15":"shipping-taxable","16":"purchasable","17":"product-type-simple"},"acf":[],"_links":{"self":[{"href":"https:\/\/alleegalerii.ee\/en\/wp-json\/wp\/v2\/product\/12588","targetHints":{"allow":["GET"]}}],"collection":[{"href":"https:\/\/alleegalerii.ee\/en\/wp-json\/wp\/v2\/product"}],"about":[{"href":"https:\/\/alleegalerii.ee\/en\/wp-json\/wp\/v2\/types\/product"}],"wp:featuredmedia":[{"embeddable":true,"href":"https:\/\/alleegalerii.ee\/en\/wp-json\/wp\/v2\/media\/12589"}],"wp:attachment":[{"href":"https:\/\/alleegalerii.ee\/en\/wp-json\/wp\/v2\/media?parent=12588"}],"wp:term":[{"taxonomy":"product_brand","embeddable":true,"href":"https:\/\/alleegalerii.ee\/en\/wp-json\/wp\/v2\/product_brand?post=12588"},{"taxonomy":"product_cat","embeddable":true,"href":"https:\/\/alleegalerii.ee\/en\/wp-json\/wp\/v2\/product_cat?post=12588"},{"taxonomy":"product_tag","embeddable":true,"href":"https:\/\/alleegalerii.ee\/en\/wp-json\/wp\/v2\/product_tag?post=12588"}],"curies":[{"name":"wp","href":"https:\/\/api.w.org\/{rel}","templated":true}]}}