{"id":12581,"date":"2023-06-30T22:14:44","date_gmt":"2023-06-30T19:14:44","guid":{"rendered":"https:\/\/alleegalerii.ee\/?post_type=product&#038;p=12581"},"modified":"2023-11-14T22:07:14","modified_gmt":"2023-11-14T20:07:14","slug":"ermi-littover-rapla-vaade-kirikuga-1989","status":"publish","type":"product","link":"https:\/\/alleegalerii.ee\/en\/shop\/ermi-littover-rapla-vaade-kirikuga-1989\/","title":{"rendered":"Ermi Littover &#8220;Rapla vaade kirikuga&#8221;, 1989"},"content":{"rendered":"","protected":false},"excerpt":{"rendered":"<p>\u00d5li papil, raamitud.<\/p>\n<p>M\u00f5\u00f5dud: 48 x 53,5 cm.<\/p>\n<p>All vasakul: LITTOVER. 89.\u00a0P\u00f6\u00f6rdel: Rapla vaade kirikuga \u00f5li, papp, 1989 48 x 53,5<\/p>\n<p dir=\"auto\">Ermi Littover (1921-2015)\u00a0 oli mitmek\u00fclgne looja, kes viljeles nii \u00f5limaali, akvarelli, graafikat kui skulptuuri.<\/p>\n<p dir=\"auto\">Teosega saab tutvuda Allee galeriis.<\/p>\n","protected":false},"featured_media":12582,"template":"","meta":{"_acf_changed":false},"product_brand":[],"product_cat":[415,56,59],"product_tag":[60],"class_list":{"0":"post-12581","1":"product","2":"type-product","3":"status-publish","4":"has-post-thumbnail","6":"product_cat-maal","7":"product_cat-olimaal","8":"product_cat-e-pood","9":"product_tag-e-pood","11":"first","12":"outofstock","13":"sold-individually","14":"shipping-taxable","15":"purchasable","16":"product-type-simple"},"acf":[],"_links":{"self":[{"href":"https:\/\/alleegalerii.ee\/en\/wp-json\/wp\/v2\/product\/12581","targetHints":{"allow":["GET"]}}],"collection":[{"href":"https:\/\/alleegalerii.ee\/en\/wp-json\/wp\/v2\/product"}],"about":[{"href":"https:\/\/alleegalerii.ee\/en\/wp-json\/wp\/v2\/types\/product"}],"wp:featuredmedia":[{"embeddable":true,"href":"https:\/\/alleegalerii.ee\/en\/wp-json\/wp\/v2\/media\/12582"}],"wp:attachment":[{"href":"https:\/\/alleegalerii.ee\/en\/wp-json\/wp\/v2\/media?parent=12581"}],"wp:term":[{"taxonomy":"product_brand","embeddable":true,"href":"https:\/\/alleegalerii.ee\/en\/wp-json\/wp\/v2\/product_brand?post=12581"},{"taxonomy":"product_cat","embeddable":true,"href":"https:\/\/alleegalerii.ee\/en\/wp-json\/wp\/v2\/product_cat?post=12581"},{"taxonomy":"product_tag","embeddable":true,"href":"https:\/\/alleegalerii.ee\/en\/wp-json\/wp\/v2\/product_tag?post=12581"}],"curies":[{"name":"wp","href":"https:\/\/api.w.org\/{rel}","templated":true}]}}