{"id":12562,"date":"2023-06-20T12:30:10","date_gmt":"2023-06-20T09:30:10","guid":{"rendered":"https:\/\/alleegalerii.ee\/?post_type=product&#038;p=12562"},"modified":"2023-11-14T22:07:14","modified_gmt":"2023-11-14T20:07:14","slug":"juri-arrak-suvi-maal-1963","status":"publish","type":"product","link":"https:\/\/alleegalerii.ee\/en\/shop\/juri-arrak-suvi-maal-1963\/","title":{"rendered":"J\u00fcri Arrak &#8220;Suvi maal&#8221;, 1963"},"content":{"rendered":"","protected":false},"excerpt":{"rendered":"<p>S\u00fcsi, v\u00e4rviline pliiats paberil. Raamitud.<\/p>\n<p>M\u00f5\u00f5dud: 39,5 x 56,5 cm, raamiga 60 x 79,5 cm.<\/p>\n<p>All vasakul: J Arrak 63<\/p>\n<p>&#8220;Suvi maal\u201c on J\u00fcri Arraku (1936-2022) nostalgiah\u00f5nguline j\u00e4\u00e4dvustus soojast suvep\u00e4evast &#8211; ajast, mil ta \u00f5ppis Eesti Riiklikus Kunstiinstituudis. \u00d5pperetked viisid Arraku Eestimaa eri nurkadesse loodust ja k\u00fclasid joonistama ja maalima, nii ka k\u00e4esoleval s\u00f6ejoonistusel.<\/p>\n","protected":false},"featured_media":12567,"template":"","meta":{"_acf_changed":false},"product_brand":[],"product_cat":[62,59],"product_tag":[60],"class_list":{"0":"post-12562","1":"product","2":"type-product","3":"status-publish","4":"has-post-thumbnail","6":"product_cat-joonistus","7":"product_cat-e-pood","8":"product_tag-e-pood","10":"first","11":"outofstock","12":"shipping-taxable","13":"purchasable","14":"product-type-simple"},"acf":[],"_links":{"self":[{"href":"https:\/\/alleegalerii.ee\/en\/wp-json\/wp\/v2\/product\/12562","targetHints":{"allow":["GET"]}}],"collection":[{"href":"https:\/\/alleegalerii.ee\/en\/wp-json\/wp\/v2\/product"}],"about":[{"href":"https:\/\/alleegalerii.ee\/en\/wp-json\/wp\/v2\/types\/product"}],"wp:featuredmedia":[{"embeddable":true,"href":"https:\/\/alleegalerii.ee\/en\/wp-json\/wp\/v2\/media\/12567"}],"wp:attachment":[{"href":"https:\/\/alleegalerii.ee\/en\/wp-json\/wp\/v2\/media?parent=12562"}],"wp:term":[{"taxonomy":"product_brand","embeddable":true,"href":"https:\/\/alleegalerii.ee\/en\/wp-json\/wp\/v2\/product_brand?post=12562"},{"taxonomy":"product_cat","embeddable":true,"href":"https:\/\/alleegalerii.ee\/en\/wp-json\/wp\/v2\/product_cat?post=12562"},{"taxonomy":"product_tag","embeddable":true,"href":"https:\/\/alleegalerii.ee\/en\/wp-json\/wp\/v2\/product_tag?post=12562"}],"curies":[{"name":"wp","href":"https:\/\/api.w.org\/{rel}","templated":true}]}}