{"id":12556,"date":"2023-06-18T13:52:01","date_gmt":"2023-06-18T10:52:01","guid":{"rendered":"https:\/\/alleegalerii.ee\/?post_type=product&#038;p=12556"},"modified":"2026-01-14T16:48:17","modified_gmt":"2026-01-14T14:48:17","slug":"maris-siimer-alice-imedeaias-2021","status":"publish","type":"product","link":"https:\/\/alleegalerii.ee\/en\/shop\/maris-siimer-alice-imedeaias-2021\/","title":{"rendered":"Maris Siimer &#8220;Alice imedeaias&#8221;, 2021"},"content":{"rendered":"","protected":false},"excerpt":{"rendered":"<p>Segatehnika, akr\u00fc\u00fcl l\u00f5uendil. Raamitud.<\/p>\n<p>M\u00f5\u00f5dud: 50 x 39,5 cm, koos raamiga 55 x 45 cm.<\/p>\n<p>Maris Siimer on l\u00f5petanud Tallinna \u00dclikooli Kunstide Instituudi kunsti\u00f5petuse erialal ning l\u00e4binud arvukalt kursusi EKA Avatud Akadeemias keraamika, graafika ja illustratsiooni alal. Tema t\u00f6\u00f6d on olnud n\u00e4itustel nii Eestis, L\u00e4tis, Poolas, Venemaal kui Komi Vabariigis. 2023. aastast kuulub Siimer Eesti Maalikunstnike Liitu.<\/p>\n","protected":false},"featured_media":12557,"template":"","meta":{"_acf_changed":false},"product_brand":[],"product_cat":[415,59,93,96],"product_tag":[60],"class_list":{"0":"post-12556","1":"product","2":"type-product","3":"status-publish","4":"has-post-thumbnail","6":"product_cat-maal","7":"product_cat-e-pood","8":"product_cat-segatehnika","9":"product_cat-akruul","10":"product_tag-e-pood","12":"first","13":"instock","14":"sold-individually","15":"shipping-taxable","16":"purchasable","17":"product-type-simple"},"acf":[],"_links":{"self":[{"href":"https:\/\/alleegalerii.ee\/en\/wp-json\/wp\/v2\/product\/12556","targetHints":{"allow":["GET"]}}],"collection":[{"href":"https:\/\/alleegalerii.ee\/en\/wp-json\/wp\/v2\/product"}],"about":[{"href":"https:\/\/alleegalerii.ee\/en\/wp-json\/wp\/v2\/types\/product"}],"wp:featuredmedia":[{"embeddable":true,"href":"https:\/\/alleegalerii.ee\/en\/wp-json\/wp\/v2\/media\/12557"}],"wp:attachment":[{"href":"https:\/\/alleegalerii.ee\/en\/wp-json\/wp\/v2\/media?parent=12556"}],"wp:term":[{"taxonomy":"product_brand","embeddable":true,"href":"https:\/\/alleegalerii.ee\/en\/wp-json\/wp\/v2\/product_brand?post=12556"},{"taxonomy":"product_cat","embeddable":true,"href":"https:\/\/alleegalerii.ee\/en\/wp-json\/wp\/v2\/product_cat?post=12556"},{"taxonomy":"product_tag","embeddable":true,"href":"https:\/\/alleegalerii.ee\/en\/wp-json\/wp\/v2\/product_tag?post=12556"}],"curies":[{"name":"wp","href":"https:\/\/api.w.org\/{rel}","templated":true}]}}