{"id":12538,"date":"2023-06-15T18:42:26","date_gmt":"2023-06-15T15:42:26","guid":{"rendered":"https:\/\/alleegalerii.ee\/?post_type=product&#038;p=12538"},"modified":"2024-01-27T12:59:53","modified_gmt":"2024-01-27T10:59:53","slug":"richard-uutmaa-loojangumeri-1976","status":"publish","type":"product","link":"https:\/\/alleegalerii.ee\/en\/shop\/richard-uutmaa-loojangumeri-1976\/","title":{"rendered":"Richard Uutmaa &#8220;Loojangumeri&#8221;, 1976"},"content":{"rendered":"","protected":false},"excerpt":{"rendered":"<p>M\u00dc\u00dcDUD<\/p>\n<p>Akvarell paberil. Raamitud.<\/p>\n<p>M\u00f5\u00f5dud: 35 x 47 cm, raamiga 63,5 x 74,5 cm.<\/p>\n<p>All paremal: R. Uutmaa. 76. a.<\/p>\n<p>Richard Uutmaad (1905-1977) ja merd ei olnud v\u00f5imalik lahutada. Kunstnikku paelus meri eelk\u00f5ige selle l\u00f5putute eri ilmete t\u00f5ttu, olgu see tormine v\u00f5i t\u00fc\u00fcne, \u00f5htuloojangus v\u00f5i p\u00e4ikeset\u00f5usus. &#8220;Loojangumere&#8221; s\u00fcgavsinine, mis \u00f6\u00f6 hakul laineharjadel mustjaid toone v\u00f5tab, flirdib teosel valge vahutava merevahuga, andes edasi v\u00f5imsa looduse tuultest kantud emotsioone.<\/p>\n<p>&nbsp;<\/p>\n","protected":false},"featured_media":12539,"template":"","meta":{"_acf_changed":false},"product_brand":[],"product_cat":[415,54,57,59],"product_tag":[60],"class_list":{"0":"post-12538","1":"product","2":"type-product","3":"status-publish","4":"has-post-thumbnail","6":"product_cat-maal","7":"product_cat-akvarell","8":"product_cat-muudud","9":"product_cat-e-pood","10":"product_tag-e-pood","12":"first","13":"outofstock","14":"shipping-taxable","15":"purchasable","16":"product-type-simple"},"acf":[],"_links":{"self":[{"href":"https:\/\/alleegalerii.ee\/en\/wp-json\/wp\/v2\/product\/12538","targetHints":{"allow":["GET"]}}],"collection":[{"href":"https:\/\/alleegalerii.ee\/en\/wp-json\/wp\/v2\/product"}],"about":[{"href":"https:\/\/alleegalerii.ee\/en\/wp-json\/wp\/v2\/types\/product"}],"wp:featuredmedia":[{"embeddable":true,"href":"https:\/\/alleegalerii.ee\/en\/wp-json\/wp\/v2\/media\/12539"}],"wp:attachment":[{"href":"https:\/\/alleegalerii.ee\/en\/wp-json\/wp\/v2\/media?parent=12538"}],"wp:term":[{"taxonomy":"product_brand","embeddable":true,"href":"https:\/\/alleegalerii.ee\/en\/wp-json\/wp\/v2\/product_brand?post=12538"},{"taxonomy":"product_cat","embeddable":true,"href":"https:\/\/alleegalerii.ee\/en\/wp-json\/wp\/v2\/product_cat?post=12538"},{"taxonomy":"product_tag","embeddable":true,"href":"https:\/\/alleegalerii.ee\/en\/wp-json\/wp\/v2\/product_tag?post=12538"}],"curies":[{"name":"wp","href":"https:\/\/api.w.org\/{rel}","templated":true}]}}