{"id":12524,"date":"2023-06-13T15:19:48","date_gmt":"2023-06-13T12:19:48","guid":{"rendered":"https:\/\/alleegalerii.ee\/?post_type=product&#038;p=12524"},"modified":"2023-11-14T22:07:09","modified_gmt":"2023-11-14T20:07:09","slug":"iris-uuk-koik-lilled-ma-kingiksin-sulle-1993","status":"publish","type":"product","link":"https:\/\/alleegalerii.ee\/en\/shop\/iris-uuk-koik-lilled-ma-kingiksin-sulle-1993\/","title":{"rendered":"Iris Uuk &#8220;K\u00f5ik lilled ma kingiksin Sulle&#8221;, 1993"},"content":{"rendered":"","protected":false},"excerpt":{"rendered":"<p>\u00d5li masoniidil. Raamitud.<\/p>\n<p>M\u00f5\u00f5dud: 29,5 x 14,5 cm, raamiga 31,5 x 16,5 cm.<\/p>\n<p>All paremal: IUuk<br \/>\nP\u00f6\u00f6rdel: Iris Uuk \u00f5li 1993<\/p>\n<p>Poeet Artur Alliksaare muusaks olnud Iris Uuk (s 1942) on tuntud oma lopsakate lillemaalide poolest.<\/p>\n","protected":false},"featured_media":12526,"template":"","meta":{"_acf_changed":false},"product_brand":[],"product_cat":[415,56,59],"product_tag":[60],"class_list":{"0":"post-12524","1":"product","2":"type-product","3":"status-publish","4":"has-post-thumbnail","6":"product_cat-maal","7":"product_cat-olimaal","8":"product_cat-e-pood","9":"product_tag-e-pood","11":"first","12":"instock","13":"shipping-taxable","14":"purchasable","15":"product-type-simple"},"acf":[],"_links":{"self":[{"href":"https:\/\/alleegalerii.ee\/en\/wp-json\/wp\/v2\/product\/12524","targetHints":{"allow":["GET"]}}],"collection":[{"href":"https:\/\/alleegalerii.ee\/en\/wp-json\/wp\/v2\/product"}],"about":[{"href":"https:\/\/alleegalerii.ee\/en\/wp-json\/wp\/v2\/types\/product"}],"wp:featuredmedia":[{"embeddable":true,"href":"https:\/\/alleegalerii.ee\/en\/wp-json\/wp\/v2\/media\/12526"}],"wp:attachment":[{"href":"https:\/\/alleegalerii.ee\/en\/wp-json\/wp\/v2\/media?parent=12524"}],"wp:term":[{"taxonomy":"product_brand","embeddable":true,"href":"https:\/\/alleegalerii.ee\/en\/wp-json\/wp\/v2\/product_brand?post=12524"},{"taxonomy":"product_cat","embeddable":true,"href":"https:\/\/alleegalerii.ee\/en\/wp-json\/wp\/v2\/product_cat?post=12524"},{"taxonomy":"product_tag","embeddable":true,"href":"https:\/\/alleegalerii.ee\/en\/wp-json\/wp\/v2\/product_tag?post=12524"}],"curies":[{"name":"wp","href":"https:\/\/api.w.org\/{rel}","templated":true}]}}