{"id":12503,"date":"2023-06-09T14:45:22","date_gmt":"2023-06-09T11:45:22","guid":{"rendered":"https:\/\/alleegalerii.ee\/?post_type=product&#038;p=12503"},"modified":"2026-01-14T17:26:53","modified_gmt":"2026-01-14T15:26:53","slug":"kai-kaljo-argipaev-2022","status":"publish","type":"product","link":"https:\/\/alleegalerii.ee\/en\/shop\/kai-kaljo-argipaev-2022\/","title":{"rendered":"Kai Kaljo &#8220;Argip\u00e4ev&#8221;, 2022"},"content":{"rendered":"","protected":false},"excerpt":{"rendered":"<p>M\u00dc\u00dcDUD<\/p>\n<p>Akr\u00fc\u00fcl, \u00f5li l\u00f5uendil.<\/p>\n<p>M\u00f5\u00f5dud: 30 x 30 cm.<\/p>\n<p>All paremal: Kai Kaljo 2022<\/p>\n<p>Maali-, installatsiooni- ja videokunstnik Kai Kaljo (s 1959) on p\u00e4lvinud nii Kristjan Raua preemia kui Eesti Kultuurkapitali kujutava ja rakenduskunsti sihtkapitali aastapreemia. Tema rahvusvaheline karj\u00e4\u00e4r sai hoo sisse peale 1997. aastal valminud ikoonilist videot &#8220;Luuser&#8221;, milles ta ameerikalike naerupahvakate taustal jutustab enda loo kunstnikuks olemise igap\u00e4evast. Kaljo teoseid on kollektsioneerinud lisaks Eestile mitmed mainekad Euroopa muuseumid.<\/p>\n","protected":false},"featured_media":12504,"template":"","meta":{"_acf_changed":false},"product_brand":[],"product_cat":[415,57,59,93],"product_tag":[60],"class_list":{"0":"post-12503","1":"product","2":"type-product","3":"status-publish","4":"has-post-thumbnail","6":"product_cat-maal","7":"product_cat-muudud","8":"product_cat-e-pood","9":"product_cat-segatehnika","10":"product_tag-e-pood","12":"first","13":"outofstock","14":"sold-individually","15":"shipping-taxable","16":"product-type-simple"},"acf":[],"_links":{"self":[{"href":"https:\/\/alleegalerii.ee\/en\/wp-json\/wp\/v2\/product\/12503","targetHints":{"allow":["GET"]}}],"collection":[{"href":"https:\/\/alleegalerii.ee\/en\/wp-json\/wp\/v2\/product"}],"about":[{"href":"https:\/\/alleegalerii.ee\/en\/wp-json\/wp\/v2\/types\/product"}],"wp:featuredmedia":[{"embeddable":true,"href":"https:\/\/alleegalerii.ee\/en\/wp-json\/wp\/v2\/media\/12504"}],"wp:attachment":[{"href":"https:\/\/alleegalerii.ee\/en\/wp-json\/wp\/v2\/media?parent=12503"}],"wp:term":[{"taxonomy":"product_brand","embeddable":true,"href":"https:\/\/alleegalerii.ee\/en\/wp-json\/wp\/v2\/product_brand?post=12503"},{"taxonomy":"product_cat","embeddable":true,"href":"https:\/\/alleegalerii.ee\/en\/wp-json\/wp\/v2\/product_cat?post=12503"},{"taxonomy":"product_tag","embeddable":true,"href":"https:\/\/alleegalerii.ee\/en\/wp-json\/wp\/v2\/product_tag?post=12503"}],"curies":[{"name":"wp","href":"https:\/\/api.w.org\/{rel}","templated":true}]}}