{"id":12499,"date":"2023-06-08T16:54:06","date_gmt":"2023-06-08T13:54:06","guid":{"rendered":"https:\/\/alleegalerii.ee\/?post_type=product&#038;p=12499"},"modified":"2024-01-27T13:03:55","modified_gmt":"2024-01-27T11:03:55","slug":"mart-bormeister-kukk-1932","status":"publish","type":"product","link":"https:\/\/alleegalerii.ee\/en\/shop\/mart-bormeister-kukk-1932\/","title":{"rendered":"M\u00e4rt Bormeister &#8220;Kukk&#8221;, 1932"},"content":{"rendered":"","protected":false},"excerpt":{"rendered":"<p>M\u00dc\u00dcDUD<\/p>\n<p>S\u00fcsi paberil. Raamitud.<\/p>\n<p>M\u00f5\u00f5dud: 59,4 x 44,5 cm, raamiga 74 x 59,5 cm.<\/p>\n<p>All vasakul: MART BORMEISTER<\/p>\n<p><span style=\"font-weight: 400;\">M\u00e4rt Bormeister oli t\u00f5eline Eesti patrioot \u2013 tema looming valmis vaid kohalikel ainetel. Roman Nymani, August Janseni ja Aleksander Vardi k\u00e4e all kunstihariduse saanud Bormeister l\u00f5i erinevaid \u017eanre, sh talumaastikke.<\/span><\/p>\n<p><span style=\"font-weight: 400;\">&#8220;Kukk&#8221; kuulub tema varasesse loominguperioodi, mil ta \u00f5ppis Riigi Kunstt\u00f6\u00f6stuskoolis Tallinnas. Muuhulgas sai just kukest tema t\u00fctre Marju Bormeistri \u00fcks hilisemaid signatuurmotiive.<\/span><\/p>\n","protected":false},"featured_media":12500,"template":"","meta":{"_acf_changed":false},"product_brand":[],"product_cat":[62,57,59],"product_tag":[60],"class_list":{"0":"post-12499","1":"product","2":"type-product","3":"status-publish","4":"has-post-thumbnail","6":"product_cat-joonistus","7":"product_cat-muudud","8":"product_cat-e-pood","9":"product_tag-e-pood","11":"first","12":"outofstock","13":"sold-individually","14":"shipping-taxable","15":"purchasable","16":"product-type-simple"},"acf":[],"_links":{"self":[{"href":"https:\/\/alleegalerii.ee\/en\/wp-json\/wp\/v2\/product\/12499","targetHints":{"allow":["GET"]}}],"collection":[{"href":"https:\/\/alleegalerii.ee\/en\/wp-json\/wp\/v2\/product"}],"about":[{"href":"https:\/\/alleegalerii.ee\/en\/wp-json\/wp\/v2\/types\/product"}],"wp:featuredmedia":[{"embeddable":true,"href":"https:\/\/alleegalerii.ee\/en\/wp-json\/wp\/v2\/media\/12500"}],"wp:attachment":[{"href":"https:\/\/alleegalerii.ee\/en\/wp-json\/wp\/v2\/media?parent=12499"}],"wp:term":[{"taxonomy":"product_brand","embeddable":true,"href":"https:\/\/alleegalerii.ee\/en\/wp-json\/wp\/v2\/product_brand?post=12499"},{"taxonomy":"product_cat","embeddable":true,"href":"https:\/\/alleegalerii.ee\/en\/wp-json\/wp\/v2\/product_cat?post=12499"},{"taxonomy":"product_tag","embeddable":true,"href":"https:\/\/alleegalerii.ee\/en\/wp-json\/wp\/v2\/product_tag?post=12499"}],"curies":[{"name":"wp","href":"https:\/\/api.w.org\/{rel}","templated":true}]}}