{"id":12488,"date":"2023-06-08T14:07:29","date_gmt":"2023-06-08T11:07:29","guid":{"rendered":"https:\/\/alleegalerii.ee\/?post_type=product&#038;p=12488"},"modified":"2024-11-18T09:39:39","modified_gmt":"2024-11-18T07:39:39","slug":"anatoli-strahhov-vana-kalamees-2021","status":"publish","type":"product","link":"https:\/\/alleegalerii.ee\/en\/shop\/anatoli-strahhov-vana-kalamees-2021\/","title":{"rendered":"Anatoli Strahhov &#8220;Vana kalamees&#8221;, 2021"},"content":{"rendered":"","protected":false},"excerpt":{"rendered":"<p>M\u00dc\u00dcDUD.<\/p>\n<p>\u00d5li l\u00f5uendil. Raamitud.<\/p>\n<p>M\u00f5\u00f5dud: 23 x 44 cm, raamiga 36,5 x 56,5 cm.<\/p>\n<p>All paremal: STRAHHOV. 2021<\/p>\n<p>Ukrainas s\u00fcndinud Anatoli Strahhov (s 1946) l\u00f5petas ERKI maali erialal 1975. aastal ning on peale seda osalenud oma loominguga arvukatel n\u00e4itustel. 1987. aastast Eesti Kunstnike Liitu kuuluval Strahhovil on v\u00e4lja kujunenud oma kindel k\u00e4ekiri, kus k\u00e4sik\u00e4es inimesega\u00a0 figureerivad majesteetlikud loomad. Seejuures on \u00fcheks kunstniku lemmikmotiiviks kujunenud graatsilised, kuid isep\u00e4ised kaslased. Ka teoses &#8220;Vana kalamees&#8221; leiame kogenud kalamehe silmis teadliku rahu ja kuuleme rahulolevat, k\u00f5iketeadvat m\u00f5minat, sest isegi selja taga ujudes ei kala talle k\u00e4tte saamata.<\/p>\n","protected":false},"featured_media":12490,"template":"","meta":{"_acf_changed":false},"product_brand":[],"product_cat":[415,56,57,59],"product_tag":[60],"class_list":{"0":"post-12488","1":"product","2":"type-product","3":"status-publish","4":"has-post-thumbnail","6":"product_cat-maal","7":"product_cat-olimaal","8":"product_cat-muudud","9":"product_cat-e-pood","10":"product_tag-e-pood","12":"first","13":"outofstock","14":"sold-individually","15":"shipping-taxable","16":"purchasable","17":"product-type-simple"},"acf":[],"_links":{"self":[{"href":"https:\/\/alleegalerii.ee\/en\/wp-json\/wp\/v2\/product\/12488","targetHints":{"allow":["GET"]}}],"collection":[{"href":"https:\/\/alleegalerii.ee\/en\/wp-json\/wp\/v2\/product"}],"about":[{"href":"https:\/\/alleegalerii.ee\/en\/wp-json\/wp\/v2\/types\/product"}],"wp:featuredmedia":[{"embeddable":true,"href":"https:\/\/alleegalerii.ee\/en\/wp-json\/wp\/v2\/media\/12490"}],"wp:attachment":[{"href":"https:\/\/alleegalerii.ee\/en\/wp-json\/wp\/v2\/media?parent=12488"}],"wp:term":[{"taxonomy":"product_brand","embeddable":true,"href":"https:\/\/alleegalerii.ee\/en\/wp-json\/wp\/v2\/product_brand?post=12488"},{"taxonomy":"product_cat","embeddable":true,"href":"https:\/\/alleegalerii.ee\/en\/wp-json\/wp\/v2\/product_cat?post=12488"},{"taxonomy":"product_tag","embeddable":true,"href":"https:\/\/alleegalerii.ee\/en\/wp-json\/wp\/v2\/product_tag?post=12488"}],"curies":[{"name":"wp","href":"https:\/\/api.w.org\/{rel}","templated":true}]}}