{"id":12487,"date":"2023-06-08T17:14:16","date_gmt":"2023-06-08T14:14:16","guid":{"rendered":"https:\/\/alleegalerii.ee\/?post_type=product&#038;p=12487"},"modified":"2024-01-27T13:04:28","modified_gmt":"2024-01-27T11:04:28","slug":"anatoli-strahhov-vaba-hing-ii-2020","status":"publish","type":"product","link":"https:\/\/alleegalerii.ee\/en\/shop\/anatoli-strahhov-vaba-hing-ii-2020\/","title":{"rendered":"Anatoli Strahhov &#8220;Vaba hing II&#8221;, 2020"},"content":{"rendered":"","protected":false},"excerpt":{"rendered":"<p>M\u00dc\u00dcDUD<\/p>\n<p>\u00d5li l\u00f5uendil. Raamitud.<\/p>\n<p>M\u00f5\u00f5dud: 35 x 35 cm, raamiga 47,5 x 47,5 cm.<\/p>\n<p>All paremal: STRAHHOV. 20<\/p>\n<p>Ukrainas s\u00fcndinud Anatoli Strahhov l\u00f5petas ERKI maali erialal 1975. aastal ning on peale seda osalenud oma loominguga arvukatel n\u00e4itustel. 1987. aastast Eesti Kunstnike Liitu kuuluval Strahhovil on v\u00e4lja kujunenud oma kindel k\u00e4ekiri, kus k\u00e4sik\u00e4es inimesega\u00a0 figureerivad majesteetlikud loomad. Seejuures on \u00fcheks kunstniku lemmikmotiiviks kujunenud graatsilised, kuid isep\u00e4ised kaslased.<\/p>\n","protected":false},"featured_media":12491,"template":"","meta":{"_acf_changed":false},"product_brand":[],"product_cat":[415,56,57,59],"product_tag":[60],"class_list":{"0":"post-12487","1":"product","2":"type-product","3":"status-publish","4":"has-post-thumbnail","6":"product_cat-maal","7":"product_cat-olimaal","8":"product_cat-muudud","9":"product_cat-e-pood","10":"product_tag-e-pood","12":"first","13":"outofstock","14":"sold-individually","15":"shipping-taxable","16":"product-type-simple"},"acf":[],"_links":{"self":[{"href":"https:\/\/alleegalerii.ee\/en\/wp-json\/wp\/v2\/product\/12487","targetHints":{"allow":["GET"]}}],"collection":[{"href":"https:\/\/alleegalerii.ee\/en\/wp-json\/wp\/v2\/product"}],"about":[{"href":"https:\/\/alleegalerii.ee\/en\/wp-json\/wp\/v2\/types\/product"}],"wp:featuredmedia":[{"embeddable":true,"href":"https:\/\/alleegalerii.ee\/en\/wp-json\/wp\/v2\/media\/12491"}],"wp:attachment":[{"href":"https:\/\/alleegalerii.ee\/en\/wp-json\/wp\/v2\/media?parent=12487"}],"wp:term":[{"taxonomy":"product_brand","embeddable":true,"href":"https:\/\/alleegalerii.ee\/en\/wp-json\/wp\/v2\/product_brand?post=12487"},{"taxonomy":"product_cat","embeddable":true,"href":"https:\/\/alleegalerii.ee\/en\/wp-json\/wp\/v2\/product_cat?post=12487"},{"taxonomy":"product_tag","embeddable":true,"href":"https:\/\/alleegalerii.ee\/en\/wp-json\/wp\/v2\/product_tag?post=12487"}],"curies":[{"name":"wp","href":"https:\/\/api.w.org\/{rel}","templated":true}]}}