{"id":12475,"date":"2023-06-07T17:30:53","date_gmt":"2023-06-07T14:30:53","guid":{"rendered":"https:\/\/alleegalerii.ee\/?post_type=product&#038;p=12475"},"modified":"2024-02-26T11:02:21","modified_gmt":"2024-02-26T09:02:21","slug":"linda-indreko-kohk-kullerkupud-1974","status":"publish","type":"product","link":"https:\/\/alleegalerii.ee\/en\/shop\/linda-indreko-kohk-kullerkupud-1974\/","title":{"rendered":"Linda Indreko Kohk &#8220;Kullerkupud&#8221;, 1974"},"content":{"rendered":"","protected":false},"excerpt":{"rendered":"<p>M\u00dc\u00dcDUD<\/p>\n<p>\u00d5li masoniidil. Teos on originaalraamis, kuid vajaks tugevamat vormistust ja \u00fcmberraamimist. Soovi korral saame hea meelega sellega abiks olla.<\/p>\n<p>M\u00f5\u00f5dud: 57,5 x 43 cm, raamiga 63 x 48 cm.<\/p>\n<p>All paremal: L. Kohk 1974<\/p>\n<p>Pallaslane Linda Kohk (1906-1985) osales arvukatel grupin\u00e4itustel \u00fcle Eesti. Eesti Rahva Muuseumi kunstnikuna t\u00f6\u00f6tanud naise loomingut liigub aga v\u00e4he, mist\u00f5ttu on k\u00e4esoleva, tuntavalt Pallase k\u00e4ekirja esindava maali j\u00f5udmine kunstis\u00f5pradeni haruldus.<\/p>\n","protected":false},"featured_media":12476,"template":"","meta":{"_acf_changed":false},"product_brand":[],"product_cat":[415,56,57,59],"product_tag":[60],"class_list":{"0":"post-12475","1":"product","2":"type-product","3":"status-publish","4":"has-post-thumbnail","6":"product_cat-maal","7":"product_cat-olimaal","8":"product_cat-muudud","9":"product_cat-e-pood","10":"product_tag-e-pood","12":"first","13":"outofstock","14":"shipping-taxable","15":"purchasable","16":"product-type-simple"},"acf":[],"_links":{"self":[{"href":"https:\/\/alleegalerii.ee\/en\/wp-json\/wp\/v2\/product\/12475","targetHints":{"allow":["GET"]}}],"collection":[{"href":"https:\/\/alleegalerii.ee\/en\/wp-json\/wp\/v2\/product"}],"about":[{"href":"https:\/\/alleegalerii.ee\/en\/wp-json\/wp\/v2\/types\/product"}],"wp:featuredmedia":[{"embeddable":true,"href":"https:\/\/alleegalerii.ee\/en\/wp-json\/wp\/v2\/media\/12476"}],"wp:attachment":[{"href":"https:\/\/alleegalerii.ee\/en\/wp-json\/wp\/v2\/media?parent=12475"}],"wp:term":[{"taxonomy":"product_brand","embeddable":true,"href":"https:\/\/alleegalerii.ee\/en\/wp-json\/wp\/v2\/product_brand?post=12475"},{"taxonomy":"product_cat","embeddable":true,"href":"https:\/\/alleegalerii.ee\/en\/wp-json\/wp\/v2\/product_cat?post=12475"},{"taxonomy":"product_tag","embeddable":true,"href":"https:\/\/alleegalerii.ee\/en\/wp-json\/wp\/v2\/product_tag?post=12475"}],"curies":[{"name":"wp","href":"https:\/\/api.w.org\/{rel}","templated":true}]}}