{"id":12460,"date":"2023-06-06T15:55:13","date_gmt":"2023-06-06T12:55:13","guid":{"rendered":"https:\/\/alleegalerii.ee\/?post_type=product&#038;p=12460"},"modified":"2026-01-14T17:04:08","modified_gmt":"2026-01-14T15:04:08","slug":"gea-sibola-hansen-rukkilill","status":"publish","type":"product","link":"https:\/\/alleegalerii.ee\/en\/shop\/gea-sibola-hansen-rukkilill\/","title":{"rendered":"Gea Sibola Hansen &#8220;Rukkilill&#8221;, 2018"},"content":{"rendered":"","protected":false},"excerpt":{"rendered":"<p>Klaas, alabaster kips, kivi.<\/p>\n<p>M\u00f5\u00f5dud: 28 x 16 cm<\/p>\n<p>All: GEA<\/p>\n<p>1995. aastal Eesti Kunstiakadeemia l\u00f5petanud kunstnikust Gea Sibola Hansenist on peale 19 aastat Rootsis elamist kujunenud \u00fcks siinseid edukamaid skulptoreid, kes v\u00f5itnud mitmeid konkursse ja auhindu. Muuhulgas on just tema kavandatud Rakveres asuv silmapaistev Edith Kotka-Nymani skulptuur. Alates 2015. aastast on Sibola Hansen tegutsenud Eesti Kujurite \u00dchenduse esinaisena ja osalenud aktiivselt n\u00e4itustel.<\/p>\n<p>Teos &#8220;Rukkilill&#8221; on olnud eksponeeritud Eesti Kujurite \u00dchenduse 2021. aastan\u00e4itusel Tartus.<\/p>\n","protected":false},"featured_media":12461,"template":"","meta":{"_acf_changed":false},"product_brand":[],"product_cat":[415,59,93],"product_tag":[60],"class_list":{"0":"post-12460","1":"product","2":"type-product","3":"status-publish","4":"has-post-thumbnail","6":"product_cat-maal","7":"product_cat-e-pood","8":"product_cat-segatehnika","9":"product_tag-e-pood","11":"first","12":"instock","13":"sold-individually","14":"shipping-taxable","15":"purchasable","16":"product-type-simple"},"acf":[],"_links":{"self":[{"href":"https:\/\/alleegalerii.ee\/en\/wp-json\/wp\/v2\/product\/12460","targetHints":{"allow":["GET"]}}],"collection":[{"href":"https:\/\/alleegalerii.ee\/en\/wp-json\/wp\/v2\/product"}],"about":[{"href":"https:\/\/alleegalerii.ee\/en\/wp-json\/wp\/v2\/types\/product"}],"wp:featuredmedia":[{"embeddable":true,"href":"https:\/\/alleegalerii.ee\/en\/wp-json\/wp\/v2\/media\/12461"}],"wp:attachment":[{"href":"https:\/\/alleegalerii.ee\/en\/wp-json\/wp\/v2\/media?parent=12460"}],"wp:term":[{"taxonomy":"product_brand","embeddable":true,"href":"https:\/\/alleegalerii.ee\/en\/wp-json\/wp\/v2\/product_brand?post=12460"},{"taxonomy":"product_cat","embeddable":true,"href":"https:\/\/alleegalerii.ee\/en\/wp-json\/wp\/v2\/product_cat?post=12460"},{"taxonomy":"product_tag","embeddable":true,"href":"https:\/\/alleegalerii.ee\/en\/wp-json\/wp\/v2\/product_tag?post=12460"}],"curies":[{"name":"wp","href":"https:\/\/api.w.org\/{rel}","templated":true}]}}