{"id":12449,"date":"2023-06-02T15:53:11","date_gmt":"2023-06-02T12:53:11","guid":{"rendered":"https:\/\/alleegalerii.ee\/?post_type=product&#038;p=12449"},"modified":"2024-03-16T18:25:27","modified_gmt":"2024-03-16T16:25:27","slug":"efraim-allsalu-akt-vaasiga-1995","status":"publish","type":"product","link":"https:\/\/alleegalerii.ee\/en\/shop\/efraim-allsalu-akt-vaasiga-1995\/","title":{"rendered":"Efraim Allsalu &#8220;Akt vaasiga\u201d, 1995"},"content":{"rendered":"","protected":false},"excerpt":{"rendered":"<p>\u00d5li masoniidil. Raamitud.<\/p>\n<p>M\u00f5\u00f5dud: 58 x 53,5 cm<\/p>\n<p>All paremal: EAllsalu 95<\/p>\n<p>Tartu koolkonda esindavat Efraim Allsalu (1929-2006) tunneme kui tundliku v\u00e4rvitajuga kunstnikku. ERKI 1954. aastal kiitusega l\u00f5petanud kunstnik armastas aktimaali \u017eanri ja siinne teos 1990. aastatest on tema stiili iseloomulik n\u00e4ide.<\/p>\n<p>Kergelt unen\u00e4olisena m\u00f5juval naisekujutisel keskendub pilk modelli n\u00e4ole ja punastele huultele, mis teose kompositsioonis erootilist laengut v\u00e4ljendab. Kaunist figuuri \u00fcmbritsev v\u00e4rviv\u00e4li on justkui pastelsetes toonides abstraktne maal, harmoniseerudes ookriv\u00e4rvis naisekehaga.<\/p>\n<p>Allsalu katsetusaltile loojanatuurile kohaselt on ta maalimiseks kasutanud masoniidi karedamat poolt, mis oma poorse struktuuriga tekitab p\u00f5nevaid uusi mustreid ning v\u00f5imendab veelgi teosest saadavat emotsiooni.<\/p>\n","protected":false},"featured_media":10788,"template":"","meta":{"_acf_changed":false},"product_brand":[],"product_cat":[415,56,59],"product_tag":[60],"class_list":{"0":"post-12449","1":"product","2":"type-product","3":"status-publish","4":"has-post-thumbnail","6":"product_cat-maal","7":"product_cat-olimaal","8":"product_cat-e-pood","9":"product_tag-e-pood","11":"first","12":"outofstock","13":"sold-individually","14":"shipping-taxable","15":"purchasable","16":"product-type-simple"},"acf":[],"_links":{"self":[{"href":"https:\/\/alleegalerii.ee\/en\/wp-json\/wp\/v2\/product\/12449","targetHints":{"allow":["GET"]}}],"collection":[{"href":"https:\/\/alleegalerii.ee\/en\/wp-json\/wp\/v2\/product"}],"about":[{"href":"https:\/\/alleegalerii.ee\/en\/wp-json\/wp\/v2\/types\/product"}],"wp:featuredmedia":[{"embeddable":true,"href":"https:\/\/alleegalerii.ee\/en\/wp-json\/wp\/v2\/media\/10788"}],"wp:attachment":[{"href":"https:\/\/alleegalerii.ee\/en\/wp-json\/wp\/v2\/media?parent=12449"}],"wp:term":[{"taxonomy":"product_brand","embeddable":true,"href":"https:\/\/alleegalerii.ee\/en\/wp-json\/wp\/v2\/product_brand?post=12449"},{"taxonomy":"product_cat","embeddable":true,"href":"https:\/\/alleegalerii.ee\/en\/wp-json\/wp\/v2\/product_cat?post=12449"},{"taxonomy":"product_tag","embeddable":true,"href":"https:\/\/alleegalerii.ee\/en\/wp-json\/wp\/v2\/product_tag?post=12449"}],"curies":[{"name":"wp","href":"https:\/\/api.w.org\/{rel}","templated":true}]}}