{"id":12448,"date":"2023-06-01T21:38:58","date_gmt":"2023-06-01T18:38:58","guid":{"rendered":"https:\/\/alleegalerii.ee\/?post_type=product&#038;p=12448"},"modified":"2026-02-15T23:26:49","modified_gmt":"2026-02-15T21:26:49","slug":"alo-hoidre-veneetsia-biennaalil","status":"publish","type":"product","link":"https:\/\/alleegalerii.ee\/en\/shop\/alo-hoidre-veneetsia-biennaalil\/","title":{"rendered":"Alo Hoidre &#8220;Veneetsia biennaalil&#8221;, 1964-65"},"content":{"rendered":"","protected":false},"excerpt":{"rendered":"<div class=\"wpb_wrapper is_stuck\">\n<div class=\"wpb_text_column wpb_content_element\">\n<div class=\"wpb_wrapper\">\n<p>Litograafia. 1964-1965. Raamitud.<br \/>\nAll vasakul: &#8220;Veneetsia biennaalil&#8221; (litos\u00f6\u00f6vitus) 6\/10.<br \/>\nAll paremal: Hoidre 65. Plaadil all vasakul: monogramm<\/p>\n<p>Riigi Kunstt\u00f6\u00f6stuskoolis litograafiat ja Riigi K\u00f5rgemas Kunstikoolis graafikat \u00f5ppinud Alo Hoidrest (1916-1993) sai p\u00e4rast s\u00f5da ERKI hinnatud ja kauaaegne graafika\u00f5ppej\u00f5ud, kelle \u00f5petuss\u00f5nad on edasi kandunud mitmete t\u00e4naste graafikute loomingusse.<\/p>\n<p>Hoidre litograafiak\u00e4sitlust iseloomustavat maalilisust n\u00e4eme selgelt \u201cVeneetsia biennaalil\u201d \u2013 teosel, millest kujunes \u00fcks kunstniku tuntumaid lehti 1960-ndatest, kuid mida autor t\u00f5mbas vaid 10 t\u00f5mmist. Toona esimest korda ihaldatud reisile, Veneetsia biennaalile s\u00f5itnud Hoidrele avaldas seal n\u00e4htu tugevat muljet ning nii valmis n\u00e4htu ainetel nii maal kui litograafilised lehed \u201eVeneetsia katused\u201c ja \u201eVeneetsia biennaalil\u201c, mis kujunesid uut kvaliteeti n\u00e4itavaks murdepunktiks Hoidre loomingus.<\/p>\n<\/div>\n<\/div>\n<\/div>\n","protected":false},"featured_media":8175,"template":"","meta":{"_acf_changed":false},"product_brand":[],"product_cat":[61,59],"product_tag":[60],"class_list":{"0":"post-12448","1":"product","2":"type-product","3":"status-publish","4":"has-post-thumbnail","6":"product_cat-graafika","7":"product_cat-e-pood","8":"product_tag-e-pood","10":"first","11":"instock","12":"sold-individually","13":"shipping-taxable","14":"purchasable","15":"product-type-simple"},"acf":[],"_links":{"self":[{"href":"https:\/\/alleegalerii.ee\/en\/wp-json\/wp\/v2\/product\/12448","targetHints":{"allow":["GET"]}}],"collection":[{"href":"https:\/\/alleegalerii.ee\/en\/wp-json\/wp\/v2\/product"}],"about":[{"href":"https:\/\/alleegalerii.ee\/en\/wp-json\/wp\/v2\/types\/product"}],"wp:featuredmedia":[{"embeddable":true,"href":"https:\/\/alleegalerii.ee\/en\/wp-json\/wp\/v2\/media\/8175"}],"wp:attachment":[{"href":"https:\/\/alleegalerii.ee\/en\/wp-json\/wp\/v2\/media?parent=12448"}],"wp:term":[{"taxonomy":"product_brand","embeddable":true,"href":"https:\/\/alleegalerii.ee\/en\/wp-json\/wp\/v2\/product_brand?post=12448"},{"taxonomy":"product_cat","embeddable":true,"href":"https:\/\/alleegalerii.ee\/en\/wp-json\/wp\/v2\/product_cat?post=12448"},{"taxonomy":"product_tag","embeddable":true,"href":"https:\/\/alleegalerii.ee\/en\/wp-json\/wp\/v2\/product_tag?post=12448"}],"curies":[{"name":"wp","href":"https:\/\/api.w.org\/{rel}","templated":true}]}}