{"id":12447,"date":"2023-06-01T20:47:54","date_gmt":"2023-06-01T17:47:54","guid":{"rendered":"https:\/\/alleegalerii.ee\/?post_type=product&#038;p=12447"},"modified":"2026-01-14T13:40:25","modified_gmt":"2026-01-14T11:40:25","slug":"elsa-starcenko-silm-natuumort-puuviljadega","status":"publish","type":"product","link":"https:\/\/alleegalerii.ee\/en\/shop\/elsa-starcenko-silm-natuumort-puuviljadega\/","title":{"rendered":"Elsa Starcenko-Silm &#8220;Nat\u00fc\u00fcmort puuviljadega&#8221;, 1957"},"content":{"rendered":"","protected":false},"excerpt":{"rendered":"<div class=\"wpb_wrapper is_stuck\">\n<div class=\"wpb_text_column wpb_content_element\">\n<div class=\"wpb_wrapper\">\n<p>\u00d5li l\u00f5uendil. 1957.<\/p>\n<p>M\u00f5\u00f5dud: 65 x 80,2 cm.<\/p>\n<p>All vasakul: E. Silm 57 P\u00f6\u00f6rdel, alusraamile kleebitud paberil: &#8220;NAT\u00dc\u00dcRMORT PUUVILJADEGA&#8221; 57<\/p>\n<p>Maali- ja teatrikunstnik Elsa Starcenko-Silm (1925-2018) l\u00f5petas ERKI 1951. aastal. Aastaid Nukuteatris t\u00f6\u00f6tanud kunstniku leivanumbriks teatris olid nukud ja lavamaalingud, l\u00f5uendile valmisid aga peamiselt nat\u00fc\u00fcrmordid ja maastikud.<\/p>\n<p>Jansenlikus laadis maalitud teoses \u201eNat\u00fc\u00fcrmort puuviljadega\u201c kasutab Starcenko-Silm enda kogemust lavakujunduse alal, luues harmoonilise kompositsiooni, milles igal elemendil on oma koht. 1950-ndate keskel tegeleti palju materiaalsuse tabamisega ning prooviti l\u00e4bi maali edasi anda esemete pehmust, l\u00e4iget, struktuuri. S\u00fcgiseselt mahlaste \u00f5unte ja ahvatlevate viinamarjadega on kunstnikul see h\u00e4sti \u00f5nnestunud. V\u00e4ljakallatud m\u00e4rjukesega l\u00f6\u00f6b Starcenko-Silm aga toosti s\u00fcgisele, mida r\u00f5hutavad veelgi oksad vaasis. See on meeleolukas, impressionismi ja realismi omavahelisi piire kompav soe vaade soojale septembrikuisele \u00f5htule.<\/p>\n<\/div>\n<\/div>\n<\/div>\n","protected":false},"featured_media":9092,"template":"","meta":{"_acf_changed":false},"product_brand":[],"product_cat":[415,56,59],"product_tag":[60],"class_list":{"0":"post-12447","1":"product","2":"type-product","3":"status-publish","4":"has-post-thumbnail","6":"product_cat-maal","7":"product_cat-olimaal","8":"product_cat-e-pood","9":"product_tag-e-pood","11":"first","12":"instock","13":"sold-individually","14":"shipping-taxable","15":"purchasable","16":"product-type-simple"},"acf":[],"_links":{"self":[{"href":"https:\/\/alleegalerii.ee\/en\/wp-json\/wp\/v2\/product\/12447","targetHints":{"allow":["GET"]}}],"collection":[{"href":"https:\/\/alleegalerii.ee\/en\/wp-json\/wp\/v2\/product"}],"about":[{"href":"https:\/\/alleegalerii.ee\/en\/wp-json\/wp\/v2\/types\/product"}],"wp:featuredmedia":[{"embeddable":true,"href":"https:\/\/alleegalerii.ee\/en\/wp-json\/wp\/v2\/media\/9092"}],"wp:attachment":[{"href":"https:\/\/alleegalerii.ee\/en\/wp-json\/wp\/v2\/media?parent=12447"}],"wp:term":[{"taxonomy":"product_brand","embeddable":true,"href":"https:\/\/alleegalerii.ee\/en\/wp-json\/wp\/v2\/product_brand?post=12447"},{"taxonomy":"product_cat","embeddable":true,"href":"https:\/\/alleegalerii.ee\/en\/wp-json\/wp\/v2\/product_cat?post=12447"},{"taxonomy":"product_tag","embeddable":true,"href":"https:\/\/alleegalerii.ee\/en\/wp-json\/wp\/v2\/product_tag?post=12447"}],"curies":[{"name":"wp","href":"https:\/\/api.w.org\/{rel}","templated":true}]}}