{"id":12442,"date":"2023-06-06T10:26:55","date_gmt":"2023-06-06T07:26:55","guid":{"rendered":"https:\/\/alleegalerii.ee\/?post_type=product&#038;p=12442"},"modified":"2023-11-14T22:07:08","modified_gmt":"2023-11-14T20:07:08","slug":"marje-uksine-tornid-1990","status":"publish","type":"product","link":"https:\/\/alleegalerii.ee\/en\/shop\/marje-uksine-tornid-1990\/","title":{"rendered":"Marje \u00dcksine &#8220;Tornid&#8221;, 1990"},"content":{"rendered":"","protected":false},"excerpt":{"rendered":"<p>V\u00e4rviline lito paberil. Raamitud.<\/p>\n<p>M\u00f5\u00f5dud: plm 34,5 x 39,5 cm, raamiga 58 x 59,5 cm.<\/p>\n<p>All vasakul: &#8220;Tornid&#8221; (v\u00e4rv. lito)<br \/>\nAll keskel: 26\/30<br \/>\nAll paremal: M. \u00dcksine 1990<\/p>\n<p><span style=\"font-weight: 400;\">Oma loominguga mitmetesse maailma mainekatesse kunstikollektsioonidesse kuuluv graafik Marje \u00dcksine eristub selgelt oman\u00e4olise k\u00e4ekirjaga. Ta on p\u00e4lvinud hulgaliselt preemiaid, sh Tallinna graafikatriennaalil kaks eripreemiat ning Vilniuse raamatugraafika triennaali peapreemia. <\/span><\/p>\n","protected":false},"featured_media":12443,"template":"","meta":{"_acf_changed":false},"product_brand":[],"product_cat":[61,59],"product_tag":[60],"class_list":{"0":"post-12442","1":"product","2":"type-product","3":"status-publish","4":"has-post-thumbnail","6":"product_cat-graafika","7":"product_cat-e-pood","8":"product_tag-e-pood","10":"first","11":"instock","12":"sold-individually","13":"shipping-taxable","14":"purchasable","15":"product-type-simple"},"acf":[],"_links":{"self":[{"href":"https:\/\/alleegalerii.ee\/en\/wp-json\/wp\/v2\/product\/12442","targetHints":{"allow":["GET"]}}],"collection":[{"href":"https:\/\/alleegalerii.ee\/en\/wp-json\/wp\/v2\/product"}],"about":[{"href":"https:\/\/alleegalerii.ee\/en\/wp-json\/wp\/v2\/types\/product"}],"wp:featuredmedia":[{"embeddable":true,"href":"https:\/\/alleegalerii.ee\/en\/wp-json\/wp\/v2\/media\/12443"}],"wp:attachment":[{"href":"https:\/\/alleegalerii.ee\/en\/wp-json\/wp\/v2\/media?parent=12442"}],"wp:term":[{"taxonomy":"product_brand","embeddable":true,"href":"https:\/\/alleegalerii.ee\/en\/wp-json\/wp\/v2\/product_brand?post=12442"},{"taxonomy":"product_cat","embeddable":true,"href":"https:\/\/alleegalerii.ee\/en\/wp-json\/wp\/v2\/product_cat?post=12442"},{"taxonomy":"product_tag","embeddable":true,"href":"https:\/\/alleegalerii.ee\/en\/wp-json\/wp\/v2\/product_tag?post=12442"}],"curies":[{"name":"wp","href":"https:\/\/api.w.org\/{rel}","templated":true}]}}