{"id":12430,"date":"2023-05-30T13:37:48","date_gmt":"2023-05-30T10:37:48","guid":{"rendered":"https:\/\/alleegalerii.ee\/?post_type=product&#038;p=12430"},"modified":"2024-01-27T13:05:08","modified_gmt":"2024-01-27T11:05:08","slug":"ludvig-oskar-harjumaa-maastik-joega-1920-30ndad","status":"publish","type":"product","link":"https:\/\/alleegalerii.ee\/en\/shop\/ludvig-oskar-harjumaa-maastik-joega-1920-30ndad\/","title":{"rendered":"Ludvig Oskar &#8220;Harjumaa maastik j\u00f5ega&#8221;, 1920-30ndad"},"content":{"rendered":"","protected":false},"excerpt":{"rendered":"<p>M\u00dc\u00dcDUD<\/p>\n<p>\u00d5li papil. Raamitud.<\/p>\n<p>M\u00f5\u00f5dud 32,3 x 39 cm, raamiga 43 x 49,5 cm.<\/p>\n<p>P\u00f6\u00f6rdel: Ludwig Oskar 5\/I 1874 &#8211; 1\/IV 1951<\/p>\n<p><span style=\"font-weight: 400;\">Kuusalus s\u00fcndinud Ludvig Oskari loomingust leiame sageli tema kodukandi, v\u00e4ga suure t\u00f5en\u00e4osusega on ka k\u00e4esolev teos just sealkandis maalitud. Legendaarsete Ants Laikmaa, Paul Raua ning Karl Winkleri k\u00e4e all kunstihariduse saanud Oskar leidis enda k\u00e4ekirja sumedates maastikumaalides. K\u00fcpseid toone elegantselt sisse pikitud v\u00e4rskendavate v\u00e4rvilaikudega ilmestanud kunstnik oli muuhulgas \u00f5petajaks Evald Okasele. <\/span><\/p>\n<p>&nbsp;<\/p>\n","protected":false},"featured_media":12435,"template":"","meta":{"_acf_changed":false},"product_brand":[],"product_cat":[415,56,57,59],"product_tag":[60],"class_list":{"0":"post-12430","1":"product","2":"type-product","3":"status-publish","4":"has-post-thumbnail","6":"product_cat-maal","7":"product_cat-olimaal","8":"product_cat-muudud","9":"product_cat-e-pood","10":"product_tag-e-pood","12":"first","13":"outofstock","14":"sold-individually","15":"shipping-taxable","16":"purchasable","17":"product-type-simple"},"acf":[],"_links":{"self":[{"href":"https:\/\/alleegalerii.ee\/en\/wp-json\/wp\/v2\/product\/12430","targetHints":{"allow":["GET"]}}],"collection":[{"href":"https:\/\/alleegalerii.ee\/en\/wp-json\/wp\/v2\/product"}],"about":[{"href":"https:\/\/alleegalerii.ee\/en\/wp-json\/wp\/v2\/types\/product"}],"wp:featuredmedia":[{"embeddable":true,"href":"https:\/\/alleegalerii.ee\/en\/wp-json\/wp\/v2\/media\/12435"}],"wp:attachment":[{"href":"https:\/\/alleegalerii.ee\/en\/wp-json\/wp\/v2\/media?parent=12430"}],"wp:term":[{"taxonomy":"product_brand","embeddable":true,"href":"https:\/\/alleegalerii.ee\/en\/wp-json\/wp\/v2\/product_brand?post=12430"},{"taxonomy":"product_cat","embeddable":true,"href":"https:\/\/alleegalerii.ee\/en\/wp-json\/wp\/v2\/product_cat?post=12430"},{"taxonomy":"product_tag","embeddable":true,"href":"https:\/\/alleegalerii.ee\/en\/wp-json\/wp\/v2\/product_tag?post=12430"}],"curies":[{"name":"wp","href":"https:\/\/api.w.org\/{rel}","templated":true}]}}