{"id":12429,"date":"2023-05-30T13:36:02","date_gmt":"2023-05-30T10:36:02","guid":{"rendered":"https:\/\/alleegalerii.ee\/?post_type=product&#038;p=12429"},"modified":"2023-11-14T22:07:07","modified_gmt":"2023-11-14T20:07:07","slug":"ants-murakin-sugis-metsas-1950ndad","status":"publish","type":"product","link":"https:\/\/alleegalerii.ee\/en\/shop\/ants-murakin-sugis-metsas-1950ndad\/","title":{"rendered":"Ants Murakin &#8220;S\u00fcgis metsas&#8221;, 1950ndad"},"content":{"rendered":"","protected":false},"excerpt":{"rendered":"<p>\u00d5li papil. Raamitud.<\/p>\n<p>M\u00f5\u00f5dud 36,5 x 39,3 cm, raamiga 46,5 x 49,5 cm.<\/p>\n<p>All paremal: A Murakin<\/p>\n<p>Viljandimaal s\u00fcndind maalikunstnik ning Eesti \u00fcks arvestatavamaid ungari keele t\u00f5lke Ants Murakin (1892-1975) sai maalijana m\u00f5jutusi Noor-Eesti kunstnikelt ning hiljem Ungaris resideerudes postimpressionistidelt. 1944. aastast Rootsi elama asunud kunstnik j\u00e4i kuni elu l\u00f5puni eesti patrioodiks, kes ka v\u00e4lismaal olles hoidis au sees eesti keelt ja selle \u00f5petamist.<\/p>\n<p>&nbsp;<\/p>\n","protected":false},"featured_media":12432,"template":"","meta":{"_acf_changed":false},"product_brand":[],"product_cat":[415,56,59],"product_tag":[60],"class_list":{"0":"post-12429","1":"product","2":"type-product","3":"status-publish","4":"has-post-thumbnail","6":"product_cat-maal","7":"product_cat-olimaal","8":"product_cat-e-pood","9":"product_tag-e-pood","11":"first","12":"instock","13":"sold-individually","14":"shipping-taxable","15":"purchasable","16":"product-type-simple"},"acf":[],"_links":{"self":[{"href":"https:\/\/alleegalerii.ee\/en\/wp-json\/wp\/v2\/product\/12429","targetHints":{"allow":["GET"]}}],"collection":[{"href":"https:\/\/alleegalerii.ee\/en\/wp-json\/wp\/v2\/product"}],"about":[{"href":"https:\/\/alleegalerii.ee\/en\/wp-json\/wp\/v2\/types\/product"}],"wp:featuredmedia":[{"embeddable":true,"href":"https:\/\/alleegalerii.ee\/en\/wp-json\/wp\/v2\/media\/12432"}],"wp:attachment":[{"href":"https:\/\/alleegalerii.ee\/en\/wp-json\/wp\/v2\/media?parent=12429"}],"wp:term":[{"taxonomy":"product_brand","embeddable":true,"href":"https:\/\/alleegalerii.ee\/en\/wp-json\/wp\/v2\/product_brand?post=12429"},{"taxonomy":"product_cat","embeddable":true,"href":"https:\/\/alleegalerii.ee\/en\/wp-json\/wp\/v2\/product_cat?post=12429"},{"taxonomy":"product_tag","embeddable":true,"href":"https:\/\/alleegalerii.ee\/en\/wp-json\/wp\/v2\/product_tag?post=12429"}],"curies":[{"name":"wp","href":"https:\/\/api.w.org\/{rel}","templated":true}]}}