{"id":12426,"date":"2023-05-30T16:37:28","date_gmt":"2023-05-30T13:37:28","guid":{"rendered":"https:\/\/alleegalerii.ee\/?post_type=product&#038;p=12426"},"modified":"2026-01-14T16:49:10","modified_gmt":"2026-01-14T14:49:10","slug":"viktor-sinjukajev-pirita-2004","status":"publish","type":"product","link":"https:\/\/alleegalerii.ee\/en\/shop\/viktor-sinjukajev-pirita-2004\/","title":{"rendered":"Viktor Sinjukajev &#8220;Pirita\u201c, 2004"},"content":{"rendered":"","protected":false},"excerpt":{"rendered":"<p>Segatehnika masoniidil. Raamitud.<\/p>\n<p>M\u00f5\u00f5dud 55 x 45 cm, raamiga 70 x 60 cm.<\/p>\n<p>Viktor Sinjukajev (s 1941) on l\u00f5petanud ERKI graafikuna ning tegutsenud nii kunstniku kui raamatuillustraatorina. Tema pastoosse v\u00e4rvipinnaga p\u00f5nev teos &#8220;Pirita&#8221; kannab endas piirkonna rohelust ning mere\u00e4\u00e4rset tuult.<\/p>\n","protected":false},"featured_media":12428,"template":"","meta":{"_acf_changed":false},"product_brand":[],"product_cat":[415,59,93],"product_tag":[60],"class_list":{"0":"post-12426","1":"product","2":"type-product","3":"status-publish","4":"has-post-thumbnail","6":"product_cat-maal","7":"product_cat-e-pood","8":"product_cat-segatehnika","9":"product_tag-e-pood","11":"first","12":"instock","13":"shipping-taxable","14":"purchasable","15":"product-type-simple"},"acf":[],"_links":{"self":[{"href":"https:\/\/alleegalerii.ee\/en\/wp-json\/wp\/v2\/product\/12426","targetHints":{"allow":["GET"]}}],"collection":[{"href":"https:\/\/alleegalerii.ee\/en\/wp-json\/wp\/v2\/product"}],"about":[{"href":"https:\/\/alleegalerii.ee\/en\/wp-json\/wp\/v2\/types\/product"}],"wp:featuredmedia":[{"embeddable":true,"href":"https:\/\/alleegalerii.ee\/en\/wp-json\/wp\/v2\/media\/12428"}],"wp:attachment":[{"href":"https:\/\/alleegalerii.ee\/en\/wp-json\/wp\/v2\/media?parent=12426"}],"wp:term":[{"taxonomy":"product_brand","embeddable":true,"href":"https:\/\/alleegalerii.ee\/en\/wp-json\/wp\/v2\/product_brand?post=12426"},{"taxonomy":"product_cat","embeddable":true,"href":"https:\/\/alleegalerii.ee\/en\/wp-json\/wp\/v2\/product_cat?post=12426"},{"taxonomy":"product_tag","embeddable":true,"href":"https:\/\/alleegalerii.ee\/en\/wp-json\/wp\/v2\/product_tag?post=12426"}],"curies":[{"name":"wp","href":"https:\/\/api.w.org\/{rel}","templated":true}]}}