{"id":12410,"date":"2023-05-27T12:42:21","date_gmt":"2023-05-27T09:42:21","guid":{"rendered":"https:\/\/alleegalerii.ee\/?post_type=product&#038;p=12410"},"modified":"2024-01-27T13:15:07","modified_gmt":"2024-01-27T11:15:07","slug":"boris-ninemae-vanaisa-juures-aiamaal","status":"publish","type":"product","link":"https:\/\/alleegalerii.ee\/en\/shop\/boris-ninemae-vanaisa-juures-aiamaal\/","title":{"rendered":"Boris Ninem\u00e4e &#8220;Vanaisa juures aiamaal&#8221;"},"content":{"rendered":"","protected":false},"excerpt":{"rendered":"<p>M\u00dc\u00dcDUD<\/p>\n<p>\u00d5li l\u00f5uendil. Raamitud.<\/p>\n<p>M\u00f5\u00f5dud: 38 x 46cm, raamiga 56 x 64cm.<\/p>\n<p>All paremal: NINEM\u00c4E<\/p>\n<p><span style=\"font-weight: 400;\">Eestist p\u00e4rit, kuid s\u00f5ja ajal Rootsi emigreerunud Boris Ninem\u00e4e (1925-1991) looming on viimastel aastatel l\u00f5puks kodumaale tagasi j\u00f5udmas ning seda p\u00f5hjusega \u2013 kujutavad motiividki enamasti just Eestimaad, mis igavesti kunstniku hinge elama j\u00e4i. Tema naivismi sugemetega stseene ranna- ja taluelust iseloomustab soe koloriit ning romantiline arhailisus.<\/span><\/p>\n","protected":false},"featured_media":12415,"template":"","meta":{"_acf_changed":false},"product_brand":[],"product_cat":[415,56,57,59],"product_tag":[60],"class_list":{"0":"post-12410","1":"product","2":"type-product","3":"status-publish","4":"has-post-thumbnail","6":"product_cat-maal","7":"product_cat-olimaal","8":"product_cat-muudud","9":"product_cat-e-pood","10":"product_tag-e-pood","12":"first","13":"outofstock","14":"shipping-taxable","15":"product-type-simple"},"acf":[],"_links":{"self":[{"href":"https:\/\/alleegalerii.ee\/en\/wp-json\/wp\/v2\/product\/12410","targetHints":{"allow":["GET"]}}],"collection":[{"href":"https:\/\/alleegalerii.ee\/en\/wp-json\/wp\/v2\/product"}],"about":[{"href":"https:\/\/alleegalerii.ee\/en\/wp-json\/wp\/v2\/types\/product"}],"wp:featuredmedia":[{"embeddable":true,"href":"https:\/\/alleegalerii.ee\/en\/wp-json\/wp\/v2\/media\/12415"}],"wp:attachment":[{"href":"https:\/\/alleegalerii.ee\/en\/wp-json\/wp\/v2\/media?parent=12410"}],"wp:term":[{"taxonomy":"product_brand","embeddable":true,"href":"https:\/\/alleegalerii.ee\/en\/wp-json\/wp\/v2\/product_brand?post=12410"},{"taxonomy":"product_cat","embeddable":true,"href":"https:\/\/alleegalerii.ee\/en\/wp-json\/wp\/v2\/product_cat?post=12410"},{"taxonomy":"product_tag","embeddable":true,"href":"https:\/\/alleegalerii.ee\/en\/wp-json\/wp\/v2\/product_tag?post=12410"}],"curies":[{"name":"wp","href":"https:\/\/api.w.org\/{rel}","templated":true}]}}