{"id":12385,"date":"2023-05-22T22:08:30","date_gmt":"2023-05-22T19:08:30","guid":{"rendered":"https:\/\/alleegalerii.ee\/?post_type=product&#038;p=12385"},"modified":"2026-01-14T16:50:15","modified_gmt":"2026-01-14T14:50:15","slug":"silvi-valjal-lilled","status":"publish","type":"product","link":"https:\/\/alleegalerii.ee\/en\/shop\/silvi-valjal-lilled\/","title":{"rendered":"Silvi V\u00e4ljal &#8220;Lilled&#8221;, 1974"},"content":{"rendered":"","protected":false},"excerpt":{"rendered":"<p>Segatehnika.\u00a0Raamitud, muuseumiklaas.<\/p>\n<p>M\u00f5\u00f5dud: 43 x 42 cm, raamiga 73 x 69,5 cm.<\/p>\n<p>All vasakul: Lilled (segatehnika), 4\/25. All paremal: SV\u00e4ljal 1974<\/p>\n<p>Silvi V\u00e4ljal (1928-2014) oli tunnustatud kunstnik, kelle raamatuillustratsioonidest tuntuim teos &#8220;Jussikese seitse s\u00f5pra&#8221; j\u00f5udis sadade tuhandete laste lugemislauale. V\u00e4ljal on l\u00f5petanud Tallinna Riikliku Tarbekunsti Instituudi graafikuna ning tema loomingut inspireeris loodus oma muinasjutulisuse ning l\u00f5putute variatsioonidega.<\/p>\n","protected":false},"featured_media":12405,"template":"","meta":{"_acf_changed":false},"product_brand":[],"product_cat":[415,59,93],"product_tag":[60],"class_list":{"0":"post-12385","1":"product","2":"type-product","3":"status-publish","4":"has-post-thumbnail","6":"product_cat-maal","7":"product_cat-e-pood","8":"product_cat-segatehnika","9":"product_tag-e-pood","11":"first","12":"instock","13":"sold-individually","14":"shipping-taxable","15":"purchasable","16":"product-type-simple"},"acf":[],"_links":{"self":[{"href":"https:\/\/alleegalerii.ee\/en\/wp-json\/wp\/v2\/product\/12385","targetHints":{"allow":["GET"]}}],"collection":[{"href":"https:\/\/alleegalerii.ee\/en\/wp-json\/wp\/v2\/product"}],"about":[{"href":"https:\/\/alleegalerii.ee\/en\/wp-json\/wp\/v2\/types\/product"}],"wp:featuredmedia":[{"embeddable":true,"href":"https:\/\/alleegalerii.ee\/en\/wp-json\/wp\/v2\/media\/12405"}],"wp:attachment":[{"href":"https:\/\/alleegalerii.ee\/en\/wp-json\/wp\/v2\/media?parent=12385"}],"wp:term":[{"taxonomy":"product_brand","embeddable":true,"href":"https:\/\/alleegalerii.ee\/en\/wp-json\/wp\/v2\/product_brand?post=12385"},{"taxonomy":"product_cat","embeddable":true,"href":"https:\/\/alleegalerii.ee\/en\/wp-json\/wp\/v2\/product_cat?post=12385"},{"taxonomy":"product_tag","embeddable":true,"href":"https:\/\/alleegalerii.ee\/en\/wp-json\/wp\/v2\/product_tag?post=12385"}],"curies":[{"name":"wp","href":"https:\/\/api.w.org\/{rel}","templated":true}]}}