{"id":12344,"date":"2023-05-10T13:05:19","date_gmt":"2023-05-10T10:05:19","guid":{"rendered":"https:\/\/alleegalerii.ee\/?post_type=product&#038;p=12344"},"modified":"2023-11-14T22:07:10","modified_gmt":"2023-11-14T20:07:10","slug":"jaak-adamson-kuulid-1974","status":"publish","type":"product","link":"https:\/\/alleegalerii.ee\/en\/shop\/jaak-adamson-kuulid-1974\/","title":{"rendered":"Jaak Adamson \u201cKuulid\u201d, 1974"},"content":{"rendered":"","protected":false},"excerpt":{"rendered":"<p>S\u00fcsi paberil. Raamitud.<\/p>\n<p>M\u00f5\u00f5t: 38 x 56 cm.<\/p>\n<p>Omap\u00e4rase ekspressionismivariandi v\u00e4lja kujundanud Jaak Adamson (1938-2022) on \u00fcks eesti erandlikumaid maalijaid ja joonistajaid-graafikuid. 1960-ndail tugevalt oma m\u00e4nguliselt eksperimenteerivate teostega esile kerkinud Adamson l\u00f5i talle ainuomase vormikeele, mida hiljem Slovakkiasse emigreerunud kunstnik seal veelgi edasi arendas.<\/p>\n<p>K\u00e4esolevas 1974. aasta teoses on kunstnik kujutanud kaht oma lemmikelementi \u2013 p\u00e4id ja kuule, millede omavaheline suhe on \u00fchest k\u00fcljest kamraadlik ja teisalt t\u00e4is v\u00f5itlusindu. Aluspinna krobelisust \u00e4ra kasutades kaasab Adamson ebatasasusest tuleneva pingestatuse teadlikult s\u00f5numi teenistusse.<\/p>\n<p>Adamsoni poja m\u00e4lestuste j\u00e4rgi visandas kunstnik oma ateljees t\u00f6id sageli just s\u00f6ega, kuid l\u00f5puni selles tehnikas valminud teoseid on kogu tema loomingus teada vaid kaks, milledest k\u00e4esoleva kinkis kunstnik oma L\u00f5una-Eestis elanud sugulastele ning teine omandati Tallinnas asuvasse kogusse. Eesti avalikes kogudes on teada kokku ligi 70 Jaak Adamsoni teost, kuid tema hilisemast, peale 1970-ndaid valminud loomingust on s\u00e4ilinud v\u00e4ga v\u00e4he t\u00f6id ning seda enam saame hinnata k\u00e4esolevat rariteetset s\u00f6ejoonistust.<\/p>\n","protected":false},"featured_media":11497,"template":"","meta":{"_acf_changed":false},"product_brand":[],"product_cat":[62,59],"product_tag":[60],"class_list":{"0":"post-12344","1":"product","2":"type-product","3":"status-publish","4":"has-post-thumbnail","6":"product_cat-joonistus","7":"product_cat-e-pood","8":"product_tag-e-pood","10":"first","11":"instock","12":"shipping-taxable","13":"purchasable","14":"product-type-simple"},"acf":[],"_links":{"self":[{"href":"https:\/\/alleegalerii.ee\/en\/wp-json\/wp\/v2\/product\/12344","targetHints":{"allow":["GET"]}}],"collection":[{"href":"https:\/\/alleegalerii.ee\/en\/wp-json\/wp\/v2\/product"}],"about":[{"href":"https:\/\/alleegalerii.ee\/en\/wp-json\/wp\/v2\/types\/product"}],"wp:featuredmedia":[{"embeddable":true,"href":"https:\/\/alleegalerii.ee\/en\/wp-json\/wp\/v2\/media\/11497"}],"wp:attachment":[{"href":"https:\/\/alleegalerii.ee\/en\/wp-json\/wp\/v2\/media?parent=12344"}],"wp:term":[{"taxonomy":"product_brand","embeddable":true,"href":"https:\/\/alleegalerii.ee\/en\/wp-json\/wp\/v2\/product_brand?post=12344"},{"taxonomy":"product_cat","embeddable":true,"href":"https:\/\/alleegalerii.ee\/en\/wp-json\/wp\/v2\/product_cat?post=12344"},{"taxonomy":"product_tag","embeddable":true,"href":"https:\/\/alleegalerii.ee\/en\/wp-json\/wp\/v2\/product_tag?post=12344"}],"curies":[{"name":"wp","href":"https:\/\/api.w.org\/{rel}","templated":true}]}}