{"id":12293,"date":"2023-05-09T16:43:47","date_gmt":"2023-05-09T13:43:47","guid":{"rendered":"https:\/\/alleegalerii.ee\/?post_type=product&#038;p=12293"},"modified":"2024-01-27T13:06:23","modified_gmt":"2024-01-27T11:06:23","slug":"bron-andro-koop-onn-kus-sa-oled-ma-olen-igal-pool-2023","status":"publish","type":"product","link":"https:\/\/alleegalerii.ee\/en\/shop\/bron-andro-koop-onn-kus-sa-oled-ma-olen-igal-pool-2023\/","title":{"rendered":"Andro K\u00f6\u00f6p &#8220;\u00d5nn! Kus sa oled? &#8230; Ma olen igal pool!&#8221;, 2023"},"content":{"rendered":"","protected":false},"excerpt":{"rendered":"<p>M\u00dc\u00dcDUD<\/p>\n<p>M\u00f5\u00f5dud: 170 x 170 cm<\/p>\n<p>\u00d5li belgia linasel l\u00f5uendil.<\/p>\n<p>Andro K\u00f6\u00f6p (s 1967) on eesti maalikunstis illusionist, kes efektitaotlevalt tegeleb loodusliku ja tehisliku maastikukeskkonna omavaheliste suhete interpreteerimisega.<\/p>\n<p>1995. aastal Eesti Kunstiakadeemia l\u00f5petanud kunstniku maastikud ja looduse ilu muutuvad justkui isiklike tundemaailmade v\u00f5rdkujuks. See seletab ka tundlikke ja vaheldusrikkaid maalimise v\u00f5tteid ning k\u00fclluslike vaadete aimatavat ebamaisust, isegi unen\u00e4olisust.<\/p>\n<p>Teos on eksponeeritud ja sellega saab tutvuda Andro K\u00f6\u00f6bi isikun\u00e4itusel Allee galeriis 9.05-17.06.2023.<\/p>\n<p>Teose soetamiseks palun vormistage ost vajutades \u201eLisa korvi\u201c ja kinnitades andmed kassas. Teose eelbroneerimiseks palun helistage 566 50 753!<\/p>\n","protected":false},"featured_media":12281,"template":"","meta":{"_acf_changed":false},"product_brand":[],"product_cat":[415,56,57,59],"product_tag":[60],"class_list":{"0":"post-12293","1":"product","2":"type-product","3":"status-publish","4":"has-post-thumbnail","6":"product_cat-maal","7":"product_cat-olimaal","8":"product_cat-muudud","9":"product_cat-e-pood","10":"product_tag-e-pood","12":"first","13":"outofstock","14":"sold-individually","15":"shipping-taxable","16":"product-type-simple"},"acf":[],"_links":{"self":[{"href":"https:\/\/alleegalerii.ee\/en\/wp-json\/wp\/v2\/product\/12293","targetHints":{"allow":["GET"]}}],"collection":[{"href":"https:\/\/alleegalerii.ee\/en\/wp-json\/wp\/v2\/product"}],"about":[{"href":"https:\/\/alleegalerii.ee\/en\/wp-json\/wp\/v2\/types\/product"}],"wp:featuredmedia":[{"embeddable":true,"href":"https:\/\/alleegalerii.ee\/en\/wp-json\/wp\/v2\/media\/12281"}],"wp:attachment":[{"href":"https:\/\/alleegalerii.ee\/en\/wp-json\/wp\/v2\/media?parent=12293"}],"wp:term":[{"taxonomy":"product_brand","embeddable":true,"href":"https:\/\/alleegalerii.ee\/en\/wp-json\/wp\/v2\/product_brand?post=12293"},{"taxonomy":"product_cat","embeddable":true,"href":"https:\/\/alleegalerii.ee\/en\/wp-json\/wp\/v2\/product_cat?post=12293"},{"taxonomy":"product_tag","embeddable":true,"href":"https:\/\/alleegalerii.ee\/en\/wp-json\/wp\/v2\/product_tag?post=12293"}],"curies":[{"name":"wp","href":"https:\/\/api.w.org\/{rel}","templated":true}]}}