{"id":12251,"date":"2023-04-29T13:04:15","date_gmt":"2023-04-29T10:04:15","guid":{"rendered":"https:\/\/alleegalerii.ee\/?post_type=product&#038;p=12251"},"modified":"2024-01-27T12:55:06","modified_gmt":"2024-01-27T10:55:06","slug":"juri-arrak-tallinn-1969","status":"publish","type":"product","link":"https:\/\/alleegalerii.ee\/en\/shop\/juri-arrak-tallinn-1969\/","title":{"rendered":"J\u00fcri Arrak &#8220;Tallinn&#8221;, 1969"},"content":{"rendered":"","protected":false},"excerpt":{"rendered":"<p>M\u00dc\u00dcDUD<\/p>\n<p>Grav\u00fc\u00fcr paberil. Paspartuu\u00fcmbrisega.<\/p>\n<p>Plm: 16,5 x 21,5 cm.<\/p>\n<p>All vasakul: &#8220;Tallinn&#8221;, grav\u00fc\u00fcr<\/p>\n<p>All paremal: J.Arrak 69.<\/p>\n<p><span style=\"font-weight: 400;\">1960. aastail valmisid J\u00fcri Arrakul mitmed graafilised t\u00f6\u00f6d Tallinna vanalinnast. Teda v\u00f5lusid vanalinna majade ajalooline atmosf\u00e4\u00e4r ning salap\u00e4ra. Kunstnik-filosoofile omaselt on ta loonud korrastatud keskkonna, mida palistavad pilvesiilud ning \u00fcmaraks stiliseeritud puud.<\/span><\/p>\n","protected":false},"featured_media":12255,"template":"","meta":{"_acf_changed":false},"product_brand":[],"product_cat":[61,57,59],"product_tag":[60],"class_list":{"0":"post-12251","1":"product","2":"type-product","3":"status-publish","4":"has-post-thumbnail","6":"product_cat-graafika","7":"product_cat-muudud","8":"product_cat-e-pood","9":"product_tag-e-pood","11":"first","12":"outofstock","13":"sold-individually","14":"shipping-taxable","15":"product-type-simple"},"acf":[],"_links":{"self":[{"href":"https:\/\/alleegalerii.ee\/en\/wp-json\/wp\/v2\/product\/12251","targetHints":{"allow":["GET"]}}],"collection":[{"href":"https:\/\/alleegalerii.ee\/en\/wp-json\/wp\/v2\/product"}],"about":[{"href":"https:\/\/alleegalerii.ee\/en\/wp-json\/wp\/v2\/types\/product"}],"wp:featuredmedia":[{"embeddable":true,"href":"https:\/\/alleegalerii.ee\/en\/wp-json\/wp\/v2\/media\/12255"}],"wp:attachment":[{"href":"https:\/\/alleegalerii.ee\/en\/wp-json\/wp\/v2\/media?parent=12251"}],"wp:term":[{"taxonomy":"product_brand","embeddable":true,"href":"https:\/\/alleegalerii.ee\/en\/wp-json\/wp\/v2\/product_brand?post=12251"},{"taxonomy":"product_cat","embeddable":true,"href":"https:\/\/alleegalerii.ee\/en\/wp-json\/wp\/v2\/product_cat?post=12251"},{"taxonomy":"product_tag","embeddable":true,"href":"https:\/\/alleegalerii.ee\/en\/wp-json\/wp\/v2\/product_tag?post=12251"}],"curies":[{"name":"wp","href":"https:\/\/api.w.org\/{rel}","templated":true}]}}