{"id":12250,"date":"2023-05-03T13:36:52","date_gmt":"2023-05-03T10:36:52","guid":{"rendered":"https:\/\/alleegalerii.ee\/?post_type=product&#038;p=12250"},"modified":"2023-11-14T22:07:15","modified_gmt":"2023-11-14T20:07:15","slug":"juri-arrak-kuressaare-loss-1965","status":"publish","type":"product","link":"https:\/\/alleegalerii.ee\/en\/shop\/juri-arrak-kuressaare-loss-1965\/","title":{"rendered":"J\u00fcri Arrak &#8220;Kuressaare loss&#8221;, 1965"},"content":{"rendered":"","protected":false},"excerpt":{"rendered":"<p>Kuivn\u00f5el, grav\u00fc\u00fcr paberil. Paspartuu\u00fcmbrisega.<\/p>\n<p>Plm: 12,5 x 17,5 cm.<\/p>\n<p>All vasakul: &#8220;Kuresssaare loss&#8221;, (Kuivn\u00f5el, grav\u00fc\u00fcr).<\/p>\n<p>All paremal: J.Arrak 1965.<\/p>\n<p><span style=\"font-weight: 400;\">J\u00fcri Arraku puhul on tegu eesti kaasaegse kunsti suurmeistriga, kelle ainulaadne k\u00e4ekiri sai tuntuks juba ANK64 aegadel. Arraku karj\u00e4\u00e4r nii metalli- kui lavastuskunstnikuna on l\u00e4bi kogemuse saavutanud tippvormi just graafikas ning maalis. 1960. aastail armastas kunstnik sageli kujutada ajaloolisi hooneid, eelk\u00f5ige Tallinna vanalinnas, kuid ka Kuressaares, kus ta on kujutanud linna v\u00f5imsaimat ehitist.<\/span><\/p>\n","protected":false},"featured_media":12254,"template":"","meta":{"_acf_changed":false},"product_brand":[],"product_cat":[61,59],"product_tag":[60],"class_list":{"0":"post-12250","1":"product","2":"type-product","3":"status-publish","4":"has-post-thumbnail","6":"product_cat-graafika","7":"product_cat-e-pood","8":"product_tag-e-pood","10":"first","11":"outofstock","12":"sold-individually","13":"shipping-taxable","14":"purchasable","15":"product-type-simple"},"acf":[],"_links":{"self":[{"href":"https:\/\/alleegalerii.ee\/en\/wp-json\/wp\/v2\/product\/12250","targetHints":{"allow":["GET"]}}],"collection":[{"href":"https:\/\/alleegalerii.ee\/en\/wp-json\/wp\/v2\/product"}],"about":[{"href":"https:\/\/alleegalerii.ee\/en\/wp-json\/wp\/v2\/types\/product"}],"wp:featuredmedia":[{"embeddable":true,"href":"https:\/\/alleegalerii.ee\/en\/wp-json\/wp\/v2\/media\/12254"}],"wp:attachment":[{"href":"https:\/\/alleegalerii.ee\/en\/wp-json\/wp\/v2\/media?parent=12250"}],"wp:term":[{"taxonomy":"product_brand","embeddable":true,"href":"https:\/\/alleegalerii.ee\/en\/wp-json\/wp\/v2\/product_brand?post=12250"},{"taxonomy":"product_cat","embeddable":true,"href":"https:\/\/alleegalerii.ee\/en\/wp-json\/wp\/v2\/product_cat?post=12250"},{"taxonomy":"product_tag","embeddable":true,"href":"https:\/\/alleegalerii.ee\/en\/wp-json\/wp\/v2\/product_tag?post=12250"}],"curies":[{"name":"wp","href":"https:\/\/api.w.org\/{rel}","templated":true}]}}