{"id":12235,"date":"2023-04-25T16:45:13","date_gmt":"2023-04-25T13:45:13","guid":{"rendered":"https:\/\/alleegalerii.ee\/?post_type=product&#038;p=12235"},"modified":"2024-01-27T13:01:31","modified_gmt":"2024-01-27T11:01:31","slug":"ernst-hallop-tuulik-1965","status":"publish","type":"product","link":"https:\/\/alleegalerii.ee\/en\/shop\/ernst-hallop-tuulik-1965\/","title":{"rendered":"Ernst Hallop &#8220;Tuulik&#8221;, 1965"},"content":{"rendered":"","protected":false},"excerpt":{"rendered":"<p>M\u00dc\u00dcDUD<\/p>\n<p>Pastell paberil. Raamitud.<\/p>\n<p>M\u00f5\u00f5dud: ava 33 x 35,5\u00a0 cm. Raamiga 49 x 50,5 cm<\/p>\n<p>All paremal: EHallop 65<\/p>\n<div class=\"wpb_wrapper is_stuck\">\n<div class=\"wpb_text_column wpb_content_element\">\n<div class=\"wpb_wrapper\">\n<p>Aedniku perekonnas s\u00fcndinud Ernst Hallop (1908 \u2013 1980) veetis lapsep\u00f5lve V\u00f5rus ning asus hiljem \u00f5ppima Ado Vabbe k\u00e4e alla Pallasesse, mille l\u00f5petas 1934. Juba j\u00e4rgmisel aastal suundus Hallop end kunstialaselt t\u00e4iendama erinevatesse Euroopa riikidesse, hiljem ka N\u00f5ukogude Liidu eri paikadesse.<\/p>\n<p>Valdavalt t\u00f6\u00f6tas Hallop pastelltehnikas, ent k\u00fcllalt palju ka \u00f5limaalis. Varasem mahlakas realism, sumedav\u00f5itu koloriit andsid 1950-ndate l\u00f5pust maad heledamale, impressionistlikumale, samas dekoratiivselt v\u00e4rvirikkale laadile.<\/p>\n<\/div>\n<\/div>\n<\/div>\n","protected":false},"featured_media":12238,"template":"","meta":{"_acf_changed":false},"product_brand":[],"product_cat":[415,62,57,59,68],"product_tag":[60],"class_list":{"0":"post-12235","1":"product","2":"type-product","3":"status-publish","4":"has-post-thumbnail","6":"product_cat-maal","7":"product_cat-joonistus","8":"product_cat-muudud","9":"product_cat-e-pood","10":"product_cat-pastell","11":"product_tag-e-pood","13":"first","14":"outofstock","15":"sold-individually","16":"shipping-taxable","17":"purchasable","18":"product-type-simple"},"acf":[],"_links":{"self":[{"href":"https:\/\/alleegalerii.ee\/en\/wp-json\/wp\/v2\/product\/12235","targetHints":{"allow":["GET"]}}],"collection":[{"href":"https:\/\/alleegalerii.ee\/en\/wp-json\/wp\/v2\/product"}],"about":[{"href":"https:\/\/alleegalerii.ee\/en\/wp-json\/wp\/v2\/types\/product"}],"wp:featuredmedia":[{"embeddable":true,"href":"https:\/\/alleegalerii.ee\/en\/wp-json\/wp\/v2\/media\/12238"}],"wp:attachment":[{"href":"https:\/\/alleegalerii.ee\/en\/wp-json\/wp\/v2\/media?parent=12235"}],"wp:term":[{"taxonomy":"product_brand","embeddable":true,"href":"https:\/\/alleegalerii.ee\/en\/wp-json\/wp\/v2\/product_brand?post=12235"},{"taxonomy":"product_cat","embeddable":true,"href":"https:\/\/alleegalerii.ee\/en\/wp-json\/wp\/v2\/product_cat?post=12235"},{"taxonomy":"product_tag","embeddable":true,"href":"https:\/\/alleegalerii.ee\/en\/wp-json\/wp\/v2\/product_tag?post=12235"}],"curies":[{"name":"wp","href":"https:\/\/api.w.org\/{rel}","templated":true}]}}