{"id":12234,"date":"2023-04-25T16:41:56","date_gmt":"2023-04-25T13:41:56","guid":{"rendered":"https:\/\/alleegalerii.ee\/?post_type=product&#038;p=12234"},"modified":"2023-11-14T22:07:09","modified_gmt":"2023-11-14T20:07:09","slug":"ernst-hallop-maastik-1966","status":"publish","type":"product","link":"https:\/\/alleegalerii.ee\/en\/shop\/ernst-hallop-maastik-1966\/","title":{"rendered":"Ernst Hallop &#8220;Maastik&#8221;, 1966"},"content":{"rendered":"","protected":false},"excerpt":{"rendered":"<p>Pastell paberil. Raamitud.<\/p>\n<p>M\u00f5\u00f5dud: Ava 48,5 x 33 cm. Raamiga 69 x 53 cm<\/p>\n<p>All paremal: E Hallop 66<\/p>\n<p><span style=\"font-weight: 400;\">Peamiselt looduspilte ja linnavaateid j\u00e4\u00e4dvustanud Ernst Hallop on palju maalinud L\u00f5una- Eestis, eriti enda kodukandis V\u00f5rumaal. Tema pastell- ja \u00f5limaalidel valitsevad helge meeleolu ning armastus kujutatava motiivi vastu.<\/span><\/p>\n","protected":false},"featured_media":12241,"template":"","meta":{"_acf_changed":false},"product_brand":[],"product_cat":[415,62,59,68],"product_tag":[60],"class_list":{"0":"post-12234","1":"product","2":"type-product","3":"status-publish","4":"has-post-thumbnail","6":"product_cat-maal","7":"product_cat-joonistus","8":"product_cat-e-pood","9":"product_cat-pastell","10":"product_tag-e-pood","12":"first","13":"instock","14":"sold-individually","15":"shipping-taxable","16":"purchasable","17":"product-type-simple"},"acf":[],"_links":{"self":[{"href":"https:\/\/alleegalerii.ee\/en\/wp-json\/wp\/v2\/product\/12234","targetHints":{"allow":["GET"]}}],"collection":[{"href":"https:\/\/alleegalerii.ee\/en\/wp-json\/wp\/v2\/product"}],"about":[{"href":"https:\/\/alleegalerii.ee\/en\/wp-json\/wp\/v2\/types\/product"}],"wp:featuredmedia":[{"embeddable":true,"href":"https:\/\/alleegalerii.ee\/en\/wp-json\/wp\/v2\/media\/12241"}],"wp:attachment":[{"href":"https:\/\/alleegalerii.ee\/en\/wp-json\/wp\/v2\/media?parent=12234"}],"wp:term":[{"taxonomy":"product_brand","embeddable":true,"href":"https:\/\/alleegalerii.ee\/en\/wp-json\/wp\/v2\/product_brand?post=12234"},{"taxonomy":"product_cat","embeddable":true,"href":"https:\/\/alleegalerii.ee\/en\/wp-json\/wp\/v2\/product_cat?post=12234"},{"taxonomy":"product_tag","embeddable":true,"href":"https:\/\/alleegalerii.ee\/en\/wp-json\/wp\/v2\/product_tag?post=12234"}],"curies":[{"name":"wp","href":"https:\/\/api.w.org\/{rel}","templated":true}]}}