{"id":12199,"date":"2023-04-15T13:02:33","date_gmt":"2023-04-15T10:02:33","guid":{"rendered":"https:\/\/alleegalerii.ee\/?post_type=product&#038;p=12199"},"modified":"2024-02-06T11:55:59","modified_gmt":"2024-02-06T09:55:59","slug":"enno-hallek-maailm-u-1960-1970-ndad","status":"publish","type":"product","link":"https:\/\/alleegalerii.ee\/en\/shop\/enno-hallek-maailm-u-1960-1970-ndad\/","title":{"rendered":"Enno Hallek \u201cMaailm\u201d, u 1960-1970-ndad"},"content":{"rendered":"","protected":false},"excerpt":{"rendered":"<p>Siiditr\u00fckk paberil. Raamitud.<\/p>\n<p>M\u00f5\u00f5dud: Plm 53,5 x 51,5 cm.<\/p>\n<p>All vasakul: A.E. 5\/10 Maailm<br \/>\nAll paremal: Enno Hallek<\/p>\n<p>Skandinaavia ja Eesti popkunsti elav klassik Enno Hallek kandis ka oma graafikasse \u00fcle tema maalidelt ja reljeefidest tuttavad motiivid, samuti talle ainuomase ereda ja r\u00f5\u00f5msav\u00e4rvilise paleti.<\/p>\n<p>S\u00fcdame kujund, lilled ja lind kannavad selles suurep\u00e4rases t\u00f6\u00f6s kunstniku elujaatavat s\u00f5numit, kokkukuuluvust universumiga ja ja igavese armastuse t\u00e4hendust. \u201cMaailma\u201d autorit\u00f5mmises on hoomata ka 1960. aastate hipiajastu esteetikat ja \u201cMake love not war\u201d ideoloogiat.<\/p>\n<p>2011 v\u00f5itis Hallek Kristjan Raua preemia ning 2020. aastal Eerik Haameri nimelise kunstiauhinna. Siiani korraldab hetkel Rootsis elav kunstnik aktiivselt n\u00e4ituseid.<\/p>\n","protected":false},"featured_media":11461,"template":"","meta":{"_acf_changed":false},"product_brand":[],"product_cat":[61,57,59],"product_tag":[60],"class_list":{"0":"post-12199","1":"product","2":"type-product","3":"status-publish","4":"has-post-thumbnail","6":"product_cat-graafika","7":"product_cat-muudud","8":"product_cat-e-pood","9":"product_tag-e-pood","11":"first","12":"outofstock","13":"shipping-taxable","14":"purchasable","15":"product-type-simple"},"acf":[],"_links":{"self":[{"href":"https:\/\/alleegalerii.ee\/en\/wp-json\/wp\/v2\/product\/12199","targetHints":{"allow":["GET"]}}],"collection":[{"href":"https:\/\/alleegalerii.ee\/en\/wp-json\/wp\/v2\/product"}],"about":[{"href":"https:\/\/alleegalerii.ee\/en\/wp-json\/wp\/v2\/types\/product"}],"wp:featuredmedia":[{"embeddable":true,"href":"https:\/\/alleegalerii.ee\/en\/wp-json\/wp\/v2\/media\/11461"}],"wp:attachment":[{"href":"https:\/\/alleegalerii.ee\/en\/wp-json\/wp\/v2\/media?parent=12199"}],"wp:term":[{"taxonomy":"product_brand","embeddable":true,"href":"https:\/\/alleegalerii.ee\/en\/wp-json\/wp\/v2\/product_brand?post=12199"},{"taxonomy":"product_cat","embeddable":true,"href":"https:\/\/alleegalerii.ee\/en\/wp-json\/wp\/v2\/product_cat?post=12199"},{"taxonomy":"product_tag","embeddable":true,"href":"https:\/\/alleegalerii.ee\/en\/wp-json\/wp\/v2\/product_tag?post=12199"}],"curies":[{"name":"wp","href":"https:\/\/api.w.org\/{rel}","templated":true}]}}