{"id":12198,"date":"2023-04-15T13:00:29","date_gmt":"2023-04-15T10:00:29","guid":{"rendered":"https:\/\/alleegalerii.ee\/?post_type=product&#038;p=12198"},"modified":"2026-01-16T15:49:03","modified_gmt":"2026-01-16T13:49:03","slug":"enno-hallek-kollane-kohver-1995-2019","status":"publish","type":"product","link":"https:\/\/alleegalerii.ee\/en\/shop\/enno-hallek-kollane-kohver-1995-2019\/","title":{"rendered":"Enno Hallek \u201cKollane kohver\u201d, 1995-2019"},"content":{"rendered":"","protected":false},"excerpt":{"rendered":"<p>Segatehnika vineeril.<\/p>\n<p>M\u00f5\u00f5dud: 106,5 x 122 cm.<\/p>\n<p>Ees \u00fclal: Enno Hallek<br \/>\nP\u00f6\u00f6rdel all: Enno Hallek<\/p>\n<p>Rohuk\u00fclas s\u00fcndinud ning hiljem Skandinaavia popkunsti \u00fcheks pioneeriks kujunenud Enno Hallek sai kunstihariduse Stockholmi Kunstik\u00f5rgkoolis. Tema fantaasiarikas kunst on oma olemuselt sotsiaalne ning samal ajal esteetiline \u2013 nii nagu kunstniku \u00fched monumentaalsemad linnaruumi teosed Stockholmi metroojaamas ja V\u00f5idukaare mosaiikidel.<\/p>\n<p>Halleki jaoks on oluline kunsti portatiivsus ning maalitud vineertahvlitest teos \u201cKollane kohver\u201d on sellise p\u00f5him\u00f5tte oivaline n\u00e4ide \u2013 selle saab riputada kas seinale, keerata selle k\u00fclge \u00fcle n\u00e4dala (sest ka teose teine pool on maalitud) v\u00f5i jalutada sellega m\u00f6\u00f6da suurlinna t\u00e4navaid nagu ridik\u00fcli v\u00f5i seljakotiga. Nii j\u00f5uab kunst automaatselt avalikku ruumi ja estetiseerib keskkonda, pakkudes visuaalset naudingut kaaskodanikele.<\/p>\n","protected":false},"featured_media":37611,"template":"","meta":{"_acf_changed":false},"product_brand":[],"product_cat":[415,59,93],"product_tag":[60],"class_list":{"0":"post-12198","1":"product","2":"type-product","3":"status-publish","4":"has-post-thumbnail","6":"product_cat-maal","7":"product_cat-e-pood","8":"product_cat-segatehnika","9":"product_tag-e-pood","11":"first","12":"instock","13":"shipping-taxable","14":"purchasable","15":"product-type-simple"},"acf":[],"_links":{"self":[{"href":"https:\/\/alleegalerii.ee\/en\/wp-json\/wp\/v2\/product\/12198","targetHints":{"allow":["GET"]}}],"collection":[{"href":"https:\/\/alleegalerii.ee\/en\/wp-json\/wp\/v2\/product"}],"about":[{"href":"https:\/\/alleegalerii.ee\/en\/wp-json\/wp\/v2\/types\/product"}],"wp:featuredmedia":[{"embeddable":true,"href":"https:\/\/alleegalerii.ee\/en\/wp-json\/wp\/v2\/media\/37611"}],"wp:attachment":[{"href":"https:\/\/alleegalerii.ee\/en\/wp-json\/wp\/v2\/media?parent=12198"}],"wp:term":[{"taxonomy":"product_brand","embeddable":true,"href":"https:\/\/alleegalerii.ee\/en\/wp-json\/wp\/v2\/product_brand?post=12198"},{"taxonomy":"product_cat","embeddable":true,"href":"https:\/\/alleegalerii.ee\/en\/wp-json\/wp\/v2\/product_cat?post=12198"},{"taxonomy":"product_tag","embeddable":true,"href":"https:\/\/alleegalerii.ee\/en\/wp-json\/wp\/v2\/product_tag?post=12198"}],"curies":[{"name":"wp","href":"https:\/\/api.w.org\/{rel}","templated":true}]}}