{"id":12075,"date":"2023-04-06T21:46:03","date_gmt":"2023-04-06T18:46:03","guid":{"rendered":"https:\/\/alleegalerii.ee\/?post_type=product&#038;p=12075"},"modified":"2024-03-14T09:31:10","modified_gmt":"2024-03-14T07:31:10","slug":"erich-arrak-louna-eesti-1970","status":"publish","type":"product","link":"https:\/\/alleegalerii.ee\/en\/shop\/erich-arrak-louna-eesti-1970\/","title":{"rendered":"Erich Arrak &#8220;L\u00f5una-Eesti&#8221;, 1970"},"content":{"rendered":"","protected":false},"excerpt":{"rendered":"<p>M\u00dc\u00dcDUD<\/p>\n<p>\u00d5li vineeril. Raamitud.<\/p>\n<p>M\u00f5\u00f5t: 65 x 92,5 cm<\/p>\n<p>All paremal: EArrak 1970<\/p>\n<p>Erich Arrak (1925-1997) sai kunstihariduse Tartu Riiklikus Kunstiinstituudis ja ERKI Tartu osakonnas. Tema maastikumaalidel kohtame peamiselt just L\u00f5una-Eesti j\u00e4rvi ja romantiliselt \u00fcles-alla kulgevat kuppelmaastikku.<\/p>\n<p>&nbsp;<\/p>\n","protected":false},"featured_media":12076,"template":"","meta":{"_acf_changed":false},"product_brand":[],"product_cat":[415,56,57,59],"product_tag":[60],"class_list":{"0":"post-12075","1":"product","2":"type-product","3":"status-publish","4":"has-post-thumbnail","6":"product_cat-maal","7":"product_cat-olimaal","8":"product_cat-muudud","9":"product_cat-e-pood","10":"product_tag-e-pood","12":"first","13":"outofstock","14":"sold-individually","15":"shipping-taxable","16":"product-type-simple"},"acf":[],"_links":{"self":[{"href":"https:\/\/alleegalerii.ee\/en\/wp-json\/wp\/v2\/product\/12075","targetHints":{"allow":["GET"]}}],"collection":[{"href":"https:\/\/alleegalerii.ee\/en\/wp-json\/wp\/v2\/product"}],"about":[{"href":"https:\/\/alleegalerii.ee\/en\/wp-json\/wp\/v2\/types\/product"}],"wp:featuredmedia":[{"embeddable":true,"href":"https:\/\/alleegalerii.ee\/en\/wp-json\/wp\/v2\/media\/12076"}],"wp:attachment":[{"href":"https:\/\/alleegalerii.ee\/en\/wp-json\/wp\/v2\/media?parent=12075"}],"wp:term":[{"taxonomy":"product_brand","embeddable":true,"href":"https:\/\/alleegalerii.ee\/en\/wp-json\/wp\/v2\/product_brand?post=12075"},{"taxonomy":"product_cat","embeddable":true,"href":"https:\/\/alleegalerii.ee\/en\/wp-json\/wp\/v2\/product_cat?post=12075"},{"taxonomy":"product_tag","embeddable":true,"href":"https:\/\/alleegalerii.ee\/en\/wp-json\/wp\/v2\/product_tag?post=12075"}],"curies":[{"name":"wp","href":"https:\/\/api.w.org\/{rel}","templated":true}]}}