{"id":12070,"date":"2023-04-05T12:52:26","date_gmt":"2023-04-05T09:52:26","guid":{"rendered":"https:\/\/alleegalerii.ee\/?post_type=product&#038;p=12070"},"modified":"2025-01-23T14:09:56","modified_gmt":"2025-01-23T12:09:56","slug":"herald-eelma-tallinna-vanalinn-1965","status":"publish","type":"product","link":"https:\/\/alleegalerii.ee\/en\/shop\/herald-eelma-tallinna-vanalinn-1965\/","title":{"rendered":"Herald Eelma &#8220;Tallinna vanalinn&#8221;, 1965"},"content":{"rendered":"","protected":false},"excerpt":{"rendered":"<p>M\u00dc\u00dcDUD<\/p>\n<p>Linooll\u00f5ige. Raamimata.<\/p>\n<p>M\u00f5\u00f5t: Lm 37 x 45 cm.<\/p>\n<p>All paremal: H.Eelma 65.<\/p>\n<p>1960. aastatel kiirelt eesti graafika juhtgruppi liikunud Herald Eelma <span style=\"font-weight: 400;\">(s 1934)<\/span> meelistehnikaks kujunes linooll\u00f5ige, mida ta k\u00e4sitles \u00fchtaegu ekspressiivselt ja dekoratiivselt.\u00a0 Tema toonased teosed on t\u00e4is optimismi ja helgust, samas mehelikku tugevust.<\/p>\n<p><span style=\"font-weight: 400;\">Lisaks arvukatele teistele tunnustustele on Eelmad lausa kahekordselt auhinnatud Kristjan Raua preemiaga.<\/span><\/p>\n","protected":false},"featured_media":12071,"template":"","meta":{"_acf_changed":false},"product_brand":[],"product_cat":[61,57,59],"product_tag":[60],"class_list":{"0":"post-12070","1":"product","2":"type-product","3":"status-publish","4":"has-post-thumbnail","6":"product_cat-graafika","7":"product_cat-muudud","8":"product_cat-e-pood","9":"product_tag-e-pood","11":"first","12":"outofstock","13":"shipping-taxable","14":"product-type-simple"},"acf":[],"_links":{"self":[{"href":"https:\/\/alleegalerii.ee\/en\/wp-json\/wp\/v2\/product\/12070","targetHints":{"allow":["GET"]}}],"collection":[{"href":"https:\/\/alleegalerii.ee\/en\/wp-json\/wp\/v2\/product"}],"about":[{"href":"https:\/\/alleegalerii.ee\/en\/wp-json\/wp\/v2\/types\/product"}],"wp:featuredmedia":[{"embeddable":true,"href":"https:\/\/alleegalerii.ee\/en\/wp-json\/wp\/v2\/media\/12071"}],"wp:attachment":[{"href":"https:\/\/alleegalerii.ee\/en\/wp-json\/wp\/v2\/media?parent=12070"}],"wp:term":[{"taxonomy":"product_brand","embeddable":true,"href":"https:\/\/alleegalerii.ee\/en\/wp-json\/wp\/v2\/product_brand?post=12070"},{"taxonomy":"product_cat","embeddable":true,"href":"https:\/\/alleegalerii.ee\/en\/wp-json\/wp\/v2\/product_cat?post=12070"},{"taxonomy":"product_tag","embeddable":true,"href":"https:\/\/alleegalerii.ee\/en\/wp-json\/wp\/v2\/product_tag?post=12070"}],"curies":[{"name":"wp","href":"https:\/\/api.w.org\/{rel}","templated":true}]}}