{"id":12046,"date":"2023-04-03T17:01:02","date_gmt":"2023-04-03T14:01:02","guid":{"rendered":"https:\/\/alleegalerii.ee\/?post_type=product&#038;p=12046"},"modified":"2023-11-14T22:07:08","modified_gmt":"2023-11-14T20:07:08","slug":"tarmo-roosimolder-kalamees-ja-suured-kujud-1997","status":"publish","type":"product","link":"https:\/\/alleegalerii.ee\/en\/shop\/tarmo-roosimolder-kalamees-ja-suured-kujud-1997\/","title":{"rendered":"Tarmo Roosim\u00f6lder &#8220;Kalamees ja Suured Kujud&#8221;, 1997"},"content":{"rendered":"","protected":false},"excerpt":{"rendered":"<p>\u00d5li l\u00f5uendil. Raamitud.<\/p>\n<p>M\u00f5\u00f5dud: 110 x 90 cm<\/p>\n<p>All vasakul: Roosim\u00f6lder 1997<\/p>\n<p>Tarmo Roosim\u00f6ldri (s 1970) loomingu keskmes on loodus ning sageli ka inimene selle \u00fche osana. Pinnavormide ajatut ilu esile tuues loob ta minimalistlike vahenditega v\u00f5imsaid teoseid. Nii on tema &#8220;Kalamees ja Suured Kujud&#8221; justkui igavene jutustus kalameestest, kelle lood paisuvad hiiglaslikeks v\u00f5idulugudeks. Teisalt on Roosim\u00f6lder teoses m\u00e4nginud justkui Lihav\u00f5ttesaarte kivikujudega ning loonud p\u00f5neva kontrasti \u00f5hk\u00f5rna v\u00e4rvikihiga kaetud taeva ning v\u00e4gevate hiigelkujude vahel.<\/p>\n","protected":false},"featured_media":12047,"template":"","meta":{"_acf_changed":false},"product_brand":[],"product_cat":[415,56,59],"product_tag":[60],"class_list":{"0":"post-12046","1":"product","2":"type-product","3":"status-publish","4":"has-post-thumbnail","6":"product_cat-maal","7":"product_cat-olimaal","8":"product_cat-e-pood","9":"product_tag-e-pood","11":"first","12":"instock","13":"sold-individually","14":"shipping-taxable","15":"purchasable","16":"product-type-simple"},"acf":[],"_links":{"self":[{"href":"https:\/\/alleegalerii.ee\/en\/wp-json\/wp\/v2\/product\/12046","targetHints":{"allow":["GET"]}}],"collection":[{"href":"https:\/\/alleegalerii.ee\/en\/wp-json\/wp\/v2\/product"}],"about":[{"href":"https:\/\/alleegalerii.ee\/en\/wp-json\/wp\/v2\/types\/product"}],"wp:featuredmedia":[{"embeddable":true,"href":"https:\/\/alleegalerii.ee\/en\/wp-json\/wp\/v2\/media\/12047"}],"wp:attachment":[{"href":"https:\/\/alleegalerii.ee\/en\/wp-json\/wp\/v2\/media?parent=12046"}],"wp:term":[{"taxonomy":"product_brand","embeddable":true,"href":"https:\/\/alleegalerii.ee\/en\/wp-json\/wp\/v2\/product_brand?post=12046"},{"taxonomy":"product_cat","embeddable":true,"href":"https:\/\/alleegalerii.ee\/en\/wp-json\/wp\/v2\/product_cat?post=12046"},{"taxonomy":"product_tag","embeddable":true,"href":"https:\/\/alleegalerii.ee\/en\/wp-json\/wp\/v2\/product_tag?post=12046"}],"curies":[{"name":"wp","href":"https:\/\/api.w.org\/{rel}","templated":true}]}}