{"id":11828,"date":"2023-03-22T14:32:26","date_gmt":"2023-03-22T12:32:26","guid":{"rendered":"https:\/\/alleegalerii.ee\/?post_type=product&#038;p=11828"},"modified":"2023-11-14T22:07:08","modified_gmt":"2023-11-14T20:07:08","slug":"raoul-kernumees-kartuli-sorteerijad","status":"publish","type":"product","link":"https:\/\/alleegalerii.ee\/en\/shop\/raoul-kernumees-kartuli-sorteerijad\/","title":{"rendered":"Raoul Kernumees &#8220;Kartulisorteerijad&#8221;"},"content":{"rendered":"","protected":false},"excerpt":{"rendered":"<p>Autolito. Raamitud.<\/p>\n<p>M\u00f5\u00f5dud: 23 x 32 cm. Raamiga 44,5 x 52,5 cm.<\/p>\n<p>All vasakul: R Kernumees. autolito<br \/>\nAll keskel: &#8220;Kartulisorteerijad&#8221;<\/p>\n<p>Raoul Kernumees (1905-1990) sai kunstihariduse Pallasest ning juba 1925. aastal leiame tema t\u00f6\u00f6 kooli n\u00e4itusekataloogist. Tema virtuooslik joonistusoskus v\u00e4ljendus eriti h\u00e4sti figuraalsetes kompositsioonides, mis on h\u00e4sti esindatud ka teoses &#8220;Kartulisorteerijad&#8221;.<\/p>\n","protected":false},"featured_media":11834,"template":"","meta":{"_acf_changed":false},"product_brand":[],"product_cat":[61,59],"product_tag":[60],"class_list":{"0":"post-11828","1":"product","2":"type-product","3":"status-publish","4":"has-post-thumbnail","6":"product_cat-graafika","7":"product_cat-e-pood","8":"product_tag-e-pood","10":"first","11":"instock","12":"sold-individually","13":"shipping-taxable","14":"purchasable","15":"product-type-simple"},"acf":[],"_links":{"self":[{"href":"https:\/\/alleegalerii.ee\/en\/wp-json\/wp\/v2\/product\/11828","targetHints":{"allow":["GET"]}}],"collection":[{"href":"https:\/\/alleegalerii.ee\/en\/wp-json\/wp\/v2\/product"}],"about":[{"href":"https:\/\/alleegalerii.ee\/en\/wp-json\/wp\/v2\/types\/product"}],"wp:featuredmedia":[{"embeddable":true,"href":"https:\/\/alleegalerii.ee\/en\/wp-json\/wp\/v2\/media\/11834"}],"wp:attachment":[{"href":"https:\/\/alleegalerii.ee\/en\/wp-json\/wp\/v2\/media?parent=11828"}],"wp:term":[{"taxonomy":"product_brand","embeddable":true,"href":"https:\/\/alleegalerii.ee\/en\/wp-json\/wp\/v2\/product_brand?post=11828"},{"taxonomy":"product_cat","embeddable":true,"href":"https:\/\/alleegalerii.ee\/en\/wp-json\/wp\/v2\/product_cat?post=11828"},{"taxonomy":"product_tag","embeddable":true,"href":"https:\/\/alleegalerii.ee\/en\/wp-json\/wp\/v2\/product_tag?post=11828"}],"curies":[{"name":"wp","href":"https:\/\/api.w.org\/{rel}","templated":true}]}}