{"id":11827,"date":"2023-03-22T14:26:45","date_gmt":"2023-03-22T12:26:45","guid":{"rendered":"https:\/\/alleegalerii.ee\/?post_type=product&#038;p=11827"},"modified":"2024-01-27T13:21:50","modified_gmt":"2024-01-27T11:21:50","slug":"juri-arrak-nurgake-tallinnast-1967","status":"publish","type":"product","link":"https:\/\/alleegalerii.ee\/en\/shop\/juri-arrak-nurgake-tallinnast-1967\/","title":{"rendered":"J\u00fcri Arrak &#8220;Nurgake Tallinnast&#8221;, 1967"},"content":{"rendered":"","protected":false},"excerpt":{"rendered":"<p>M\u00dc\u00dcDUD<\/p>\n<p>Linooll\u00f5ige. Paspartuu\u00fcmbrisega.<\/p>\n<p>M\u00f5\u00f5dud: Plm 19,5 x 23 cm.<\/p>\n<p>All vasakul: &#8220;Nurgake Tallinnast&#8221; linooll\u00f5ige<br \/>\nAll paremal: J. Arrak 67.<\/p>\n<p class=\"p1\">1960 aastail valmisid J\u00fcri Arrakul (1936-2022) mitmed graafilised t\u00f6\u00f6d Tallinna vanalinnast, sh linooll\u00f5ige \u201eNurgake Tallinnast\u201c. Teos v\u00f5lub oma maitseka v\u00e4rvilahenduse ja kompositsiooniga.<\/p>\n","protected":false},"featured_media":11833,"template":"","meta":{"_acf_changed":false},"product_brand":[],"product_cat":[61,57,59],"product_tag":[60],"class_list":{"0":"post-11827","1":"product","2":"type-product","3":"status-publish","4":"has-post-thumbnail","6":"product_cat-graafika","7":"product_cat-muudud","8":"product_cat-e-pood","9":"product_tag-e-pood","11":"first","12":"outofstock","13":"sold-individually","14":"shipping-taxable","15":"product-type-simple"},"acf":[],"_links":{"self":[{"href":"https:\/\/alleegalerii.ee\/en\/wp-json\/wp\/v2\/product\/11827","targetHints":{"allow":["GET"]}}],"collection":[{"href":"https:\/\/alleegalerii.ee\/en\/wp-json\/wp\/v2\/product"}],"about":[{"href":"https:\/\/alleegalerii.ee\/en\/wp-json\/wp\/v2\/types\/product"}],"wp:featuredmedia":[{"embeddable":true,"href":"https:\/\/alleegalerii.ee\/en\/wp-json\/wp\/v2\/media\/11833"}],"wp:attachment":[{"href":"https:\/\/alleegalerii.ee\/en\/wp-json\/wp\/v2\/media?parent=11827"}],"wp:term":[{"taxonomy":"product_brand","embeddable":true,"href":"https:\/\/alleegalerii.ee\/en\/wp-json\/wp\/v2\/product_brand?post=11827"},{"taxonomy":"product_cat","embeddable":true,"href":"https:\/\/alleegalerii.ee\/en\/wp-json\/wp\/v2\/product_cat?post=11827"},{"taxonomy":"product_tag","embeddable":true,"href":"https:\/\/alleegalerii.ee\/en\/wp-json\/wp\/v2\/product_tag?post=11827"}],"curies":[{"name":"wp","href":"https:\/\/api.w.org\/{rel}","templated":true}]}}