{"id":11815,"date":"2023-03-21T16:31:38","date_gmt":"2023-03-21T14:31:38","guid":{"rendered":"https:\/\/alleegalerii.ee\/?post_type=product&#038;p=11815"},"modified":"2024-01-27T13:08:18","modified_gmt":"2024-01-27T11:08:18","slug":"boris-ottenberg-ohtupaike-1932","status":"publish","type":"product","link":"https:\/\/alleegalerii.ee\/en\/shop\/boris-ottenberg-ohtupaike-1932\/","title":{"rendered":"Boris Ottenberg \u201c\u00d5htup\u00e4ike Norra merel\u201d, 1932"},"content":{"rendered":"","protected":false},"excerpt":{"rendered":"<p>M\u00dc\u00dcDUD<\/p>\n<p>\u00d5li vineeril. Raamitud.<\/p>\n<p>M\u00f5\u00f5dud: 59,5 x 105 cm.<\/p>\n<p>All paremal: B.Ottenberg 1932 P\u00f6\u00f6rdel: B.Ottenberg Abendsonne<\/p>\n<p>Saksa perekonnast p\u00e4rit Boris Ottenberg (1891-1946) v\u00f5ttis aktiivselt osa siinsest vene ja eesti kunstielust. Tundliku loodusevaatlejana oskas ta t\u00e4hele panna selle \u00f5rnu varjundeid ning tabavalt j\u00e4\u00e4dvustada valitsevat \u00f5hustikku. Ottenberg armastas maalida natuurist ning tema juugendstiili m\u00f5jutustega teosed v\u00f5luvad vaatajat oma \u00f5rna, kergelt udulooris stiiliga. \u201c\u00d5htup\u00e4ikese\u201d mahe koloriit ja monumentaalsus lisavad teosele igavikulise dimensiooni, andes kaunile loodusvaatele hoopis s\u00fcgavama t\u00e4henduse.<\/p>\n","protected":false},"featured_media":9067,"template":"","meta":{"_acf_changed":false},"product_brand":[],"product_cat":[415,56,57,59],"product_tag":[60],"class_list":{"0":"post-11815","1":"product","2":"type-product","3":"status-publish","4":"has-post-thumbnail","6":"product_cat-maal","7":"product_cat-olimaal","8":"product_cat-muudud","9":"product_cat-e-pood","10":"product_tag-e-pood","12":"first","13":"outofstock","14":"sold-individually","15":"shipping-taxable","16":"purchasable","17":"product-type-simple"},"acf":[],"_links":{"self":[{"href":"https:\/\/alleegalerii.ee\/en\/wp-json\/wp\/v2\/product\/11815","targetHints":{"allow":["GET"]}}],"collection":[{"href":"https:\/\/alleegalerii.ee\/en\/wp-json\/wp\/v2\/product"}],"about":[{"href":"https:\/\/alleegalerii.ee\/en\/wp-json\/wp\/v2\/types\/product"}],"wp:featuredmedia":[{"embeddable":true,"href":"https:\/\/alleegalerii.ee\/en\/wp-json\/wp\/v2\/media\/9067"}],"wp:attachment":[{"href":"https:\/\/alleegalerii.ee\/en\/wp-json\/wp\/v2\/media?parent=11815"}],"wp:term":[{"taxonomy":"product_brand","embeddable":true,"href":"https:\/\/alleegalerii.ee\/en\/wp-json\/wp\/v2\/product_brand?post=11815"},{"taxonomy":"product_cat","embeddable":true,"href":"https:\/\/alleegalerii.ee\/en\/wp-json\/wp\/v2\/product_cat?post=11815"},{"taxonomy":"product_tag","embeddable":true,"href":"https:\/\/alleegalerii.ee\/en\/wp-json\/wp\/v2\/product_tag?post=11815"}],"curies":[{"name":"wp","href":"https:\/\/api.w.org\/{rel}","templated":true}]}}