{"id":11771,"date":"2023-03-18T12:22:00","date_gmt":"2023-03-18T10:22:00","guid":{"rendered":"https:\/\/alleegalerii.ee\/?post_type=product&#038;p=11771"},"modified":"2024-01-27T13:21:05","modified_gmt":"2024-01-27T11:21:05","slug":"juri-arrak-1962","status":"publish","type":"product","link":"https:\/\/alleegalerii.ee\/en\/shop\/juri-arrak-1962\/","title":{"rendered":"J\u00fcri Arrak &#8220;Tagahoov&#8221;, 1962"},"content":{"rendered":"","protected":false},"excerpt":{"rendered":"<p>M\u00dc\u00dcDUD<\/p>\n<p>V\u00e4rviline pliiats paberil. Raamitud.<\/p>\n<p>M\u00f5\u00f5dud: 20 x 31,5 cm. Raamiga 34 x 46 cm.<\/p>\n<p>All vasakul: Arrak 62<\/p>\n<p class=\"p1\">\u201eTagahoov\u201c on J\u00fcri Arraku (1936-2022) nostalgiah\u00f5nguline j\u00e4\u00e4dvustus tagahoovis m\u00e4ngivatest lastest Tallinna vanalinnas. V\u00e4rvilist pliiatsit armastas kunstnik kasutada l\u00e4bi oma elu, eelk\u00f5ige varem tehtud graafiliste lehtede uuesti ellu \u00e4ratamiseks. K\u00e4esolev eraldiseisev pliiatsijoonistus on seega haruldane leid tema varasest loomingust.<\/p>\n","protected":false},"featured_media":11773,"template":"","meta":{"_acf_changed":false},"product_brand":[],"product_cat":[62,57,59],"product_tag":[60],"class_list":{"0":"post-11771","1":"product","2":"type-product","3":"status-publish","4":"has-post-thumbnail","6":"product_cat-joonistus","7":"product_cat-muudud","8":"product_cat-e-pood","9":"product_tag-e-pood","11":"first","12":"outofstock","13":"sold-individually","14":"shipping-taxable","15":"product-type-simple"},"acf":[],"_links":{"self":[{"href":"https:\/\/alleegalerii.ee\/en\/wp-json\/wp\/v2\/product\/11771","targetHints":{"allow":["GET"]}}],"collection":[{"href":"https:\/\/alleegalerii.ee\/en\/wp-json\/wp\/v2\/product"}],"about":[{"href":"https:\/\/alleegalerii.ee\/en\/wp-json\/wp\/v2\/types\/product"}],"wp:featuredmedia":[{"embeddable":true,"href":"https:\/\/alleegalerii.ee\/en\/wp-json\/wp\/v2\/media\/11773"}],"wp:attachment":[{"href":"https:\/\/alleegalerii.ee\/en\/wp-json\/wp\/v2\/media?parent=11771"}],"wp:term":[{"taxonomy":"product_brand","embeddable":true,"href":"https:\/\/alleegalerii.ee\/en\/wp-json\/wp\/v2\/product_brand?post=11771"},{"taxonomy":"product_cat","embeddable":true,"href":"https:\/\/alleegalerii.ee\/en\/wp-json\/wp\/v2\/product_cat?post=11771"},{"taxonomy":"product_tag","embeddable":true,"href":"https:\/\/alleegalerii.ee\/en\/wp-json\/wp\/v2\/product_tag?post=11771"}],"curies":[{"name":"wp","href":"https:\/\/api.w.org\/{rel}","templated":true}]}}