{"id":11589,"date":"2023-03-15T14:20:56","date_gmt":"2023-03-15T12:20:56","guid":{"rendered":"https:\/\/alleegalerii.ee\/?post_type=product&#038;p=11589"},"modified":"2023-11-14T22:07:12","modified_gmt":"2023-11-14T20:07:12","slug":"gregor-von-bochmann-ratsanik-rannikul-1920","status":"publish","type":"product","link":"https:\/\/alleegalerii.ee\/en\/shop\/gregor-von-bochmann-ratsanik-rannikul-1920\/","title":{"rendered":"Gregor von Bochmann &#8220;Ratsanik rannikul&#8221;, 1920-30"},"content":{"rendered":"","protected":false},"excerpt":{"rendered":"<p>\u00d5li l\u00f5uendil. Raamitud.<\/p>\n<p>M\u00f5\u00f5dud: 52,5 x 74,5 cm, raamiga 80 x 103 cm.<\/p>\n<p>All vasakul: G. Bochmann<\/p>\n<p><span style=\"font-weight: 400;\">L\u00e4\u00e4nemaal s\u00fcndinud ja kuulsas D\u00fcsseldorfi Kunstiakadeemias \u00f5ppinud ning hiljem professorina t\u00f6\u00f6tanud Alexander Heinrich Gregor von Bochmann kogus kuulsust oma olustikumaalidega.<\/span><\/p>\n<p><span style=\"font-weight: 400;\">Erilist meisterlikkust n\u00e4itas ta \u00fcles hobuste kujutamisel. Enamasti just v\u00e4iksemat formaati eelistanud kunstniku loomingus on k\u00e4esolev teos oma m\u00f5\u00f5tmete poolest suurep\u00e4raseks leiuks Bochmanni loomingu austajaile.<\/span><\/p>\n","protected":false},"featured_media":11597,"template":"","meta":{"_acf_changed":false},"product_brand":[],"product_cat":[415,56,59],"product_tag":[60],"class_list":{"0":"post-11589","1":"product","2":"type-product","3":"status-publish","4":"has-post-thumbnail","6":"product_cat-maal","7":"product_cat-olimaal","8":"product_cat-e-pood","9":"product_tag-e-pood","11":"first","12":"outofstock","13":"sold-individually","14":"shipping-taxable","15":"product-type-simple"},"acf":[],"_links":{"self":[{"href":"https:\/\/alleegalerii.ee\/en\/wp-json\/wp\/v2\/product\/11589","targetHints":{"allow":["GET"]}}],"collection":[{"href":"https:\/\/alleegalerii.ee\/en\/wp-json\/wp\/v2\/product"}],"about":[{"href":"https:\/\/alleegalerii.ee\/en\/wp-json\/wp\/v2\/types\/product"}],"wp:featuredmedia":[{"embeddable":true,"href":"https:\/\/alleegalerii.ee\/en\/wp-json\/wp\/v2\/media\/11597"}],"wp:attachment":[{"href":"https:\/\/alleegalerii.ee\/en\/wp-json\/wp\/v2\/media?parent=11589"}],"wp:term":[{"taxonomy":"product_brand","embeddable":true,"href":"https:\/\/alleegalerii.ee\/en\/wp-json\/wp\/v2\/product_brand?post=11589"},{"taxonomy":"product_cat","embeddable":true,"href":"https:\/\/alleegalerii.ee\/en\/wp-json\/wp\/v2\/product_cat?post=11589"},{"taxonomy":"product_tag","embeddable":true,"href":"https:\/\/alleegalerii.ee\/en\/wp-json\/wp\/v2\/product_tag?post=11589"}],"curies":[{"name":"wp","href":"https:\/\/api.w.org\/{rel}","templated":true}]}}