{"id":11585,"date":"2023-03-15T14:02:56","date_gmt":"2023-03-15T12:02:56","guid":{"rendered":"https:\/\/alleegalerii.ee\/?post_type=product&#038;p=11585"},"modified":"2023-11-14T22:07:12","modified_gmt":"2023-11-14T20:07:12","slug":"helve-viidalepp-pargis-1971","status":"publish","type":"product","link":"https:\/\/alleegalerii.ee\/en\/shop\/helve-viidalepp-pargis-1971\/","title":{"rendered":"Helve Viidalepp &#8220;Pargis&#8221;, 1971"},"content":{"rendered":"","protected":false},"excerpt":{"rendered":"<p>\u00d5li l\u00f5uendil. Raamitud.<\/p>\n<p>M\u00f5\u00f5dud: 60,5 x 73 cm<\/p>\n<p>All paremal: H. Viidalepp 1971.<br \/>\nP\u00f6\u00f6rdel raamil: 60,5 x 73 \u00f5li l\u00f5uendil 1971 Helve Viidalepp &#8220;Pargis&#8221;<\/p>\n<p>Helve Viidalepp (1921-1979) p\u00e4ris oma kunstiande graafikust isalt August Roosilehelt ning ka abikaasa Ants Viidalepp oli kunstnik.<\/p>\n<p>Kompositsioon \u201ePargis\u201c meenutabki veidi tema abikaasa stiili, kuid viimase kergelt karikeerivast laadist erinevalt on s\u00fcdamlikus ja intiimses stiilis. S\u00fcgiskuldse puudesalu taustal frontaalselt siluettidena istuv trio m\u00f5jub sel kunstiuuenduslikkuse tippajal modernsena ja v\u00e4rskena.<\/p>\n","protected":false},"featured_media":7058,"template":"","meta":{"_acf_changed":false},"product_brand":[],"product_cat":[415,56,59],"product_tag":[60],"class_list":{"0":"post-11585","1":"product","2":"type-product","3":"status-publish","4":"has-post-thumbnail","6":"product_cat-maal","7":"product_cat-olimaal","8":"product_cat-e-pood","9":"product_tag-e-pood","11":"first","12":"instock","13":"sold-individually","14":"shipping-taxable","15":"purchasable","16":"product-type-simple"},"acf":[],"_links":{"self":[{"href":"https:\/\/alleegalerii.ee\/en\/wp-json\/wp\/v2\/product\/11585","targetHints":{"allow":["GET"]}}],"collection":[{"href":"https:\/\/alleegalerii.ee\/en\/wp-json\/wp\/v2\/product"}],"about":[{"href":"https:\/\/alleegalerii.ee\/en\/wp-json\/wp\/v2\/types\/product"}],"wp:featuredmedia":[{"embeddable":true,"href":"https:\/\/alleegalerii.ee\/en\/wp-json\/wp\/v2\/media\/7058"}],"wp:attachment":[{"href":"https:\/\/alleegalerii.ee\/en\/wp-json\/wp\/v2\/media?parent=11585"}],"wp:term":[{"taxonomy":"product_brand","embeddable":true,"href":"https:\/\/alleegalerii.ee\/en\/wp-json\/wp\/v2\/product_brand?post=11585"},{"taxonomy":"product_cat","embeddable":true,"href":"https:\/\/alleegalerii.ee\/en\/wp-json\/wp\/v2\/product_cat?post=11585"},{"taxonomy":"product_tag","embeddable":true,"href":"https:\/\/alleegalerii.ee\/en\/wp-json\/wp\/v2\/product_tag?post=11585"}],"curies":[{"name":"wp","href":"https:\/\/api.w.org\/{rel}","templated":true}]}}