{"id":11318,"date":"2023-03-11T12:16:50","date_gmt":"2023-03-11T10:16:50","guid":{"rendered":"https:\/\/alleegalerii.ee\/?post_type=product&#038;p=11318"},"modified":"2023-11-14T22:07:17","modified_gmt":"2023-11-14T20:07:17","slug":"silvia-leitu-valge-roos","status":"publish","type":"product","link":"https:\/\/alleegalerii.ee\/en\/shop\/silvia-leitu-valge-roos\/","title":{"rendered":"Silvia Leitu &#8220;Valge roos&#8221;"},"content":{"rendered":"","protected":false},"excerpt":{"rendered":"<p>Akvarell. Raamitud.<\/p>\n<p>M\u00f5\u00f5dud: ava 56 x 19 cm, raamiga 72,5 x 32 cm.<\/p>\n<p>All paremal: Silvia Leitu<\/p>\n<p>Silvia Leitu (1912-1969) \u00f5ppis Pallases, kuid l\u00f5petas kunsti\u00f5pingud juba M\u00fcnchenis, kuna p\u00f5genes Teise maailmas\u00f5ja ajal Saksamaale. Hiljem Rootsis elanud kunstnik tegutses akvarellisti ja kost\u00fc\u00fcmikunstnikuna.<\/p>\n","protected":false},"featured_media":11324,"template":"","meta":{"_acf_changed":false},"product_brand":[],"product_cat":[415,54,59],"product_tag":[60],"class_list":{"0":"post-11318","1":"product","2":"type-product","3":"status-publish","4":"has-post-thumbnail","6":"product_cat-maal","7":"product_cat-akvarell","8":"product_cat-e-pood","9":"product_tag-e-pood","11":"first","12":"outofstock","13":"shipping-taxable","14":"product-type-simple"},"acf":[],"_links":{"self":[{"href":"https:\/\/alleegalerii.ee\/en\/wp-json\/wp\/v2\/product\/11318","targetHints":{"allow":["GET"]}}],"collection":[{"href":"https:\/\/alleegalerii.ee\/en\/wp-json\/wp\/v2\/product"}],"about":[{"href":"https:\/\/alleegalerii.ee\/en\/wp-json\/wp\/v2\/types\/product"}],"wp:featuredmedia":[{"embeddable":true,"href":"https:\/\/alleegalerii.ee\/en\/wp-json\/wp\/v2\/media\/11324"}],"wp:attachment":[{"href":"https:\/\/alleegalerii.ee\/en\/wp-json\/wp\/v2\/media?parent=11318"}],"wp:term":[{"taxonomy":"product_brand","embeddable":true,"href":"https:\/\/alleegalerii.ee\/en\/wp-json\/wp\/v2\/product_brand?post=11318"},{"taxonomy":"product_cat","embeddable":true,"href":"https:\/\/alleegalerii.ee\/en\/wp-json\/wp\/v2\/product_cat?post=11318"},{"taxonomy":"product_tag","embeddable":true,"href":"https:\/\/alleegalerii.ee\/en\/wp-json\/wp\/v2\/product_tag?post=11318"}],"curies":[{"name":"wp","href":"https:\/\/api.w.org\/{rel}","templated":true}]}}