{"id":10768,"date":"2023-03-08T10:00:53","date_gmt":"2023-03-08T08:00:53","guid":{"rendered":"https:\/\/alleegalerii.ee\/?post_type=product&#038;p=10768"},"modified":"2024-04-19T22:45:04","modified_gmt":"2024-04-19T19:45:04","slug":"karl-burman-junior-metsajarv-1956","status":"publish","type":"product","link":"https:\/\/alleegalerii.ee\/en\/shop\/karl-burman-junior-metsajarv-1956\/","title":{"rendered":"Karl Burman junior &#8220;Metsaj\u00e4rv&#8221;, 1956"},"content":{"rendered":"","protected":false},"excerpt":{"rendered":"<p>M\u00dc\u00dcDUD<\/p>\n<p>Akvarell paberil. Raamitud.<\/p>\n<p>M\u00f5\u00f5dud: ava 18 x 39,8 cm raamiga 41,2 x 61 cm.<\/p>\n<p>All paremal: Karl Burman junior 1956<\/p>\n<p>Karl Burman juunior (1914-2001) \u00f5ppis akvarelli oma isalt ja onult ning viljeles seda 1930. aastate l\u00f5pust peale. L\u00e4bi aastak\u00fcmnete oli ta \u00fcks eesti tuntumaid akvarelliste ja valitud ka Eesti Akvarellistide \u00dchenduse auliikmeks. Ta maalis p\u00f5hiliselt maastikke, veduute ja lilli.<\/p>\n","protected":false},"featured_media":10769,"template":"","meta":{"_acf_changed":false},"product_brand":[],"product_cat":[415,54,57,59],"product_tag":[60],"class_list":{"0":"post-10768","1":"product","2":"type-product","3":"status-publish","4":"has-post-thumbnail","6":"product_cat-maal","7":"product_cat-akvarell","8":"product_cat-muudud","9":"product_cat-e-pood","10":"product_tag-e-pood","12":"first","13":"outofstock","14":"shipping-taxable","15":"purchasable","16":"product-type-simple"},"acf":[],"_links":{"self":[{"href":"https:\/\/alleegalerii.ee\/en\/wp-json\/wp\/v2\/product\/10768","targetHints":{"allow":["GET"]}}],"collection":[{"href":"https:\/\/alleegalerii.ee\/en\/wp-json\/wp\/v2\/product"}],"about":[{"href":"https:\/\/alleegalerii.ee\/en\/wp-json\/wp\/v2\/types\/product"}],"wp:featuredmedia":[{"embeddable":true,"href":"https:\/\/alleegalerii.ee\/en\/wp-json\/wp\/v2\/media\/10769"}],"wp:attachment":[{"href":"https:\/\/alleegalerii.ee\/en\/wp-json\/wp\/v2\/media?parent=10768"}],"wp:term":[{"taxonomy":"product_brand","embeddable":true,"href":"https:\/\/alleegalerii.ee\/en\/wp-json\/wp\/v2\/product_brand?post=10768"},{"taxonomy":"product_cat","embeddable":true,"href":"https:\/\/alleegalerii.ee\/en\/wp-json\/wp\/v2\/product_cat?post=10768"},{"taxonomy":"product_tag","embeddable":true,"href":"https:\/\/alleegalerii.ee\/en\/wp-json\/wp\/v2\/product_tag?post=10768"}],"curies":[{"name":"wp","href":"https:\/\/api.w.org\/{rel}","templated":true}]}}