{"id":10753,"date":"2023-03-01T15:45:32","date_gmt":"2023-03-01T13:45:32","guid":{"rendered":"https:\/\/alleegalerii.ee\/?post_type=product&#038;p=10753"},"modified":"2026-01-17T13:13:08","modified_gmt":"2026-01-17T11:13:08","slug":"richard-sagrits-akt-1964","status":"publish","type":"product","link":"https:\/\/alleegalerii.ee\/en\/shop\/richard-sagrits-akt-1964\/","title":{"rendered":"Richard Sagrits \u201cAkt\u201d, 1964"},"content":{"rendered":"","protected":false},"excerpt":{"rendered":"<p>Pliiats, akvarell paberil. Raamitud.<\/p>\n<p>M\u00f5\u00f5dud: ava 27,3 x 30,3 cm, raamiga 43,4 x 44,4 cm.<\/p>\n<p>All paremal: RS 64<\/p>\n<p><span style=\"font-weight: 400;\">1950. aastate keskel k\u00e4isid kunstnikud sageli Kunstihoone \u00fchisateljees maalimas ning aktimaali j\u00e4i ta armastama elu l\u00f5puni. Kunstniku vaba ja kerge pintslit\u00f6\u00f6 ning n\u00fcansseeritult tabatud valgus lisavad maalile laiema k\u00f5lapinna kui pelgalt kirjeldus naisekehast. Akvarelli hele taust lubab modellil esile t\u00f5usta, tema keha on kerge kui sulg ja nii loob meister lihtsate vahenditega suurep\u00e4rase kunstiteose.<\/span><\/p>\n","protected":false},"featured_media":10754,"template":"","meta":{"_acf_changed":false},"product_brand":[],"product_cat":[415,62,59,93],"product_tag":[60],"class_list":{"0":"post-10753","1":"product","2":"type-product","3":"status-publish","4":"has-post-thumbnail","6":"product_cat-maal","7":"product_cat-joonistus","8":"product_cat-e-pood","9":"product_cat-segatehnika","10":"product_tag-e-pood","12":"first","13":"instock","14":"sold-individually","15":"shipping-taxable","16":"purchasable","17":"product-type-simple"},"acf":[],"_links":{"self":[{"href":"https:\/\/alleegalerii.ee\/en\/wp-json\/wp\/v2\/product\/10753","targetHints":{"allow":["GET"]}}],"collection":[{"href":"https:\/\/alleegalerii.ee\/en\/wp-json\/wp\/v2\/product"}],"about":[{"href":"https:\/\/alleegalerii.ee\/en\/wp-json\/wp\/v2\/types\/product"}],"wp:featuredmedia":[{"embeddable":true,"href":"https:\/\/alleegalerii.ee\/en\/wp-json\/wp\/v2\/media\/10754"}],"wp:attachment":[{"href":"https:\/\/alleegalerii.ee\/en\/wp-json\/wp\/v2\/media?parent=10753"}],"wp:term":[{"taxonomy":"product_brand","embeddable":true,"href":"https:\/\/alleegalerii.ee\/en\/wp-json\/wp\/v2\/product_brand?post=10753"},{"taxonomy":"product_cat","embeddable":true,"href":"https:\/\/alleegalerii.ee\/en\/wp-json\/wp\/v2\/product_cat?post=10753"},{"taxonomy":"product_tag","embeddable":true,"href":"https:\/\/alleegalerii.ee\/en\/wp-json\/wp\/v2\/product_tag?post=10753"}],"curies":[{"name":"wp","href":"https:\/\/api.w.org\/{rel}","templated":true}]}}