{"id":10731,"date":"2023-03-01T13:31:33","date_gmt":"2023-03-01T11:31:33","guid":{"rendered":"https:\/\/alleegalerii.ee\/?post_type=product&#038;p=10731"},"modified":"2024-02-09T21:52:04","modified_gmt":"2024-02-09T19:52:04","slug":"valdur-ohakas-hommikune-udu-1991","status":"publish","type":"product","link":"https:\/\/alleegalerii.ee\/en\/shop\/valdur-ohakas-hommikune-udu-1991\/","title":{"rendered":"Valdur Ohakas &#8220;Hommikune udu&#8221;, 1991"},"content":{"rendered":"","protected":false},"excerpt":{"rendered":"<p>M\u00dc\u00dcDUD.<\/p>\n<p>\u00d5li vineeril. Raamitud.<\/p>\n<p>M\u00f5\u00f5dud: 30 x 40 cm, raamiga 35 x 45 cm.<\/p>\n<p>All paremal: V. Ohakas 91<\/p>\n<p>Valdur Ohakat (1925-1998) on \u00f5petanud nii Eerik Haamer, Johannes Greenberg, Elmar Kits kui Johannes V\u00f5erahansu. Tema eriliseks lemmikuks oli soe pruun, millest kunstnikul oli eriline v\u00f5ime leida tuhandeid eri varjundeid.<\/p>\n","protected":false},"featured_media":10699,"template":"","meta":{"_acf_changed":false},"product_brand":[],"product_cat":[415,56,59],"product_tag":[60],"class_list":{"0":"post-10731","1":"product","2":"type-product","3":"status-publish","4":"has-post-thumbnail","6":"product_cat-maal","7":"product_cat-olimaal","8":"product_cat-e-pood","9":"product_tag-e-pood","11":"first","12":"outofstock","13":"sold-individually","14":"shipping-taxable","15":"product-type-simple"},"acf":[],"_links":{"self":[{"href":"https:\/\/alleegalerii.ee\/en\/wp-json\/wp\/v2\/product\/10731","targetHints":{"allow":["GET"]}}],"collection":[{"href":"https:\/\/alleegalerii.ee\/en\/wp-json\/wp\/v2\/product"}],"about":[{"href":"https:\/\/alleegalerii.ee\/en\/wp-json\/wp\/v2\/types\/product"}],"wp:featuredmedia":[{"embeddable":true,"href":"https:\/\/alleegalerii.ee\/en\/wp-json\/wp\/v2\/media\/10699"}],"wp:attachment":[{"href":"https:\/\/alleegalerii.ee\/en\/wp-json\/wp\/v2\/media?parent=10731"}],"wp:term":[{"taxonomy":"product_brand","embeddable":true,"href":"https:\/\/alleegalerii.ee\/en\/wp-json\/wp\/v2\/product_brand?post=10731"},{"taxonomy":"product_cat","embeddable":true,"href":"https:\/\/alleegalerii.ee\/en\/wp-json\/wp\/v2\/product_cat?post=10731"},{"taxonomy":"product_tag","embeddable":true,"href":"https:\/\/alleegalerii.ee\/en\/wp-json\/wp\/v2\/product_tag?post=10731"}],"curies":[{"name":"wp","href":"https:\/\/api.w.org\/{rel}","templated":true}]}}