{"id":10405,"date":"2023-02-22T14:52:56","date_gmt":"2023-02-22T12:52:56","guid":{"rendered":"https:\/\/alleegalerii.ee\/?post_type=product&#038;p=10405"},"modified":"2025-05-28T23:27:52","modified_gmt":"2025-05-28T20:27:52","slug":"andrei-jegorov-ohtune-etuud-1930-ndad","status":"publish","type":"product","link":"https:\/\/alleegalerii.ee\/en\/shop\/andrei-jegorov-ohtune-etuud-1930-ndad\/","title":{"rendered":"Andrei Jegorov &#8220;\u00d5htune et\u00fc\u00fcd&#8221;, 1930ndad"},"content":{"rendered":"","protected":false},"excerpt":{"rendered":"<p>M\u00dc\u00dcDUD.<\/p>\n<p>Akvarell, gua\u0161\u0161, paber, kleebitud papile. Raamitud.<\/p>\n<p>M\u00f5\u00f5dud: ava 23,4 x 37 cm, raamiga 46 x 59 cm.<\/p>\n<p>All vasakul: A.Jegorov.<br \/>\nP\u00f6\u00f6rdel: ANDREI JEGOROV F. 1878 ARUK\u00dcLA (ESTLAND)<\/p>\n","protected":false},"featured_media":10407,"template":"","meta":{"_acf_changed":false},"product_brand":[],"product_cat":[415,54,57,59,69],"product_tag":[60],"class_list":{"0":"post-10405","1":"product","2":"type-product","3":"status-publish","4":"has-post-thumbnail","6":"product_cat-maal","7":"product_cat-akvarell","8":"product_cat-muudud","9":"product_cat-e-pood","10":"product_cat-guass","11":"product_tag-e-pood","13":"first","14":"outofstock","15":"shipping-taxable","16":"purchasable","17":"product-type-simple"},"acf":[],"_links":{"self":[{"href":"https:\/\/alleegalerii.ee\/en\/wp-json\/wp\/v2\/product\/10405","targetHints":{"allow":["GET"]}}],"collection":[{"href":"https:\/\/alleegalerii.ee\/en\/wp-json\/wp\/v2\/product"}],"about":[{"href":"https:\/\/alleegalerii.ee\/en\/wp-json\/wp\/v2\/types\/product"}],"wp:featuredmedia":[{"embeddable":true,"href":"https:\/\/alleegalerii.ee\/en\/wp-json\/wp\/v2\/media\/10407"}],"wp:attachment":[{"href":"https:\/\/alleegalerii.ee\/en\/wp-json\/wp\/v2\/media?parent=10405"}],"wp:term":[{"taxonomy":"product_brand","embeddable":true,"href":"https:\/\/alleegalerii.ee\/en\/wp-json\/wp\/v2\/product_brand?post=10405"},{"taxonomy":"product_cat","embeddable":true,"href":"https:\/\/alleegalerii.ee\/en\/wp-json\/wp\/v2\/product_cat?post=10405"},{"taxonomy":"product_tag","embeddable":true,"href":"https:\/\/alleegalerii.ee\/en\/wp-json\/wp\/v2\/product_tag?post=10405"}],"curies":[{"name":"wp","href":"https:\/\/api.w.org\/{rel}","templated":true}]}}