{"id":10393,"date":"2023-02-10T17:20:03","date_gmt":"2023-02-10T15:20:03","guid":{"rendered":"https:\/\/alleegalerii.ee\/?post_type=product&#038;p=10393"},"modified":"2024-01-27T12:55:19","modified_gmt":"2024-01-27T10:55:19","slug":"erich-pehap-raamatupoes-1966","status":"publish","type":"product","link":"https:\/\/alleegalerii.ee\/en\/shop\/erich-pehap-raamatupoes-1966\/","title":{"rendered":"Erich Pehap &#8220;Raamatupoes&#8221;, 1966"},"content":{"rendered":"","protected":false},"excerpt":{"rendered":"<p>M\u00dc\u00dcDUD<\/p>\n<p>Segatehnika. Raamitud.<\/p>\n<p>M\u00f5\u00f5dud: Plm 47,5 x 63 cm. Raamiga 71 x 85,5 cm<\/p>\n<p>All paremal: E. Pehap 1966<\/p>\n<p>Erich Pehap (1912-1981) \u00f5ppis Pallases maalikunsti, Riigi Kunstit\u00f6\u00f6stuskoolis keraamikat ja tarbegraafikat ning 1939 l\u00f5petas Pallase graafikuna. 1943. aastal Soome, sealt edasi Rootsi ning hiljem Kanadasse siirdunud kunstniku tegevus ja looming j\u00e4ttis kustumatu j\u00e4lje kohalikku kunstiellu. Oluline osa tema loomingut on Eestisse tagasi j\u00f5udnud alles viimase 10-15 aasta jooksul ning nii tema 100. kui 110. s\u00fcnniaastap\u00e4eva on t\u00e4histatud isikun\u00e4itustega (vastavalt Kondase keskuses 2012 ja Allee galeriis 2022).<\/p>\n<p>Pehap armastas kujutada inimesi nende igap\u00e4evases keskkonnas, olgu selleks kunstin\u00e4itus, baar v\u00f5i raamatupood. Igal tegelasel oli seal oma kindel koht, seda nii kompositsiooni kui loo jutustamise m\u00f5ttes. &#8220;Raamatupoes&#8221; on selle stiili suurep\u00e4raseks n\u00e4iteks.<\/p>\n","protected":false},"featured_media":10763,"template":"","meta":{"_acf_changed":false},"product_brand":[],"product_cat":[415,62,57,59,93],"product_tag":[60],"class_list":{"0":"post-10393","1":"product","2":"type-product","3":"status-publish","4":"has-post-thumbnail","6":"product_cat-maal","7":"product_cat-joonistus","8":"product_cat-muudud","9":"product_cat-e-pood","10":"product_cat-segatehnika","11":"product_tag-e-pood","13":"first","14":"outofstock","15":"sold-individually","16":"shipping-taxable","17":"purchasable","18":"product-type-simple"},"acf":[],"_links":{"self":[{"href":"https:\/\/alleegalerii.ee\/en\/wp-json\/wp\/v2\/product\/10393","targetHints":{"allow":["GET"]}}],"collection":[{"href":"https:\/\/alleegalerii.ee\/en\/wp-json\/wp\/v2\/product"}],"about":[{"href":"https:\/\/alleegalerii.ee\/en\/wp-json\/wp\/v2\/types\/product"}],"wp:featuredmedia":[{"embeddable":true,"href":"https:\/\/alleegalerii.ee\/en\/wp-json\/wp\/v2\/media\/10763"}],"wp:attachment":[{"href":"https:\/\/alleegalerii.ee\/en\/wp-json\/wp\/v2\/media?parent=10393"}],"wp:term":[{"taxonomy":"product_brand","embeddable":true,"href":"https:\/\/alleegalerii.ee\/en\/wp-json\/wp\/v2\/product_brand?post=10393"},{"taxonomy":"product_cat","embeddable":true,"href":"https:\/\/alleegalerii.ee\/en\/wp-json\/wp\/v2\/product_cat?post=10393"},{"taxonomy":"product_tag","embeddable":true,"href":"https:\/\/alleegalerii.ee\/en\/wp-json\/wp\/v2\/product_tag?post=10393"}],"curies":[{"name":"wp","href":"https:\/\/api.w.org\/{rel}","templated":true}]}}