{"id":10389,"date":"2023-02-10T16:55:13","date_gmt":"2023-02-10T14:55:13","guid":{"rendered":"https:\/\/alleegalerii.ee\/?post_type=product&#038;p=10389"},"modified":"2026-01-17T13:13:56","modified_gmt":"2026-01-17T11:13:56","slug":"erich-pehap-composition-1961","status":"publish","type":"product","link":"https:\/\/alleegalerii.ee\/en\/shop\/erich-pehap-composition-1961\/","title":{"rendered":"Erich Pehap &#8220;Composition&#8221;, 1961"},"content":{"rendered":"","protected":false},"excerpt":{"rendered":"<p>New direct method. Raamitud.<\/p>\n<p>M\u00f5\u00f5dud: Plm 44 x 31 cm. Raamiga 70,5 x 57 cm<\/p>\n<p>All vasakul: 3\/10 &#8220;Composition&#8221; new direct method<br \/>\nAll paremal: Erich Pehap 1961<\/p>\n<p>Viljandis s\u00fcndinud Erich Pehap (1912-1981) \u00f5ppis Pallases maalikunsti, Riigi Kunstit\u00f6\u00f6stuskoolis keraamikat ja tarbegraafikat ning 1939 l\u00f5petas Pallase graafikuna. 1943. aastal Soome, sealt edasi Rootsi ning hiljem Kanadasse siirdunud kunstniku tegevus ja looming j\u00e4ttis kustumatu j\u00e4lje kohalikku kunstiellu.<\/p>\n","protected":false},"featured_media":10756,"template":"","meta":{"_acf_changed":false},"product_brand":[],"product_cat":[61,59],"product_tag":[60],"class_list":{"0":"post-10389","1":"product","2":"type-product","3":"status-publish","4":"has-post-thumbnail","6":"product_cat-graafika","7":"product_cat-e-pood","8":"product_tag-e-pood","10":"first","11":"instock","12":"shipping-taxable","13":"purchasable","14":"product-type-simple"},"acf":[],"_links":{"self":[{"href":"https:\/\/alleegalerii.ee\/en\/wp-json\/wp\/v2\/product\/10389","targetHints":{"allow":["GET"]}}],"collection":[{"href":"https:\/\/alleegalerii.ee\/en\/wp-json\/wp\/v2\/product"}],"about":[{"href":"https:\/\/alleegalerii.ee\/en\/wp-json\/wp\/v2\/types\/product"}],"wp:featuredmedia":[{"embeddable":true,"href":"https:\/\/alleegalerii.ee\/en\/wp-json\/wp\/v2\/media\/10756"}],"wp:attachment":[{"href":"https:\/\/alleegalerii.ee\/en\/wp-json\/wp\/v2\/media?parent=10389"}],"wp:term":[{"taxonomy":"product_brand","embeddable":true,"href":"https:\/\/alleegalerii.ee\/en\/wp-json\/wp\/v2\/product_brand?post=10389"},{"taxonomy":"product_cat","embeddable":true,"href":"https:\/\/alleegalerii.ee\/en\/wp-json\/wp\/v2\/product_cat?post=10389"},{"taxonomy":"product_tag","embeddable":true,"href":"https:\/\/alleegalerii.ee\/en\/wp-json\/wp\/v2\/product_tag?post=10389"}],"curies":[{"name":"wp","href":"https:\/\/api.w.org\/{rel}","templated":true}]}}