{"id":10387,"date":"2023-02-10T16:46:48","date_gmt":"2023-02-10T14:46:48","guid":{"rendered":"https:\/\/alleegalerii.ee\/?post_type=product&#038;p=10387"},"modified":"2026-01-16T17:20:42","modified_gmt":"2026-01-16T15:20:42","slug":"erich-pehap-vestlus-1966","status":"publish","type":"product","link":"https:\/\/alleegalerii.ee\/en\/shop\/erich-pehap-vestlus-1966\/","title":{"rendered":"Erich Pehap &#8220;Vestlus&#8221;, 1966"},"content":{"rendered":"","protected":false},"excerpt":{"rendered":"<p>Segatehnika (tu\u0161\u0161, akvarell). Raamitud.<\/p>\n<p>M\u00f5\u00f5dud: Plm 62,5 x 46 cm. Raamiga 66,5 x 50 cm<\/p>\n<p>All paremal: E. Pehap 1966<\/p>\n<p>Viljandis s\u00fcndinud Erich Pehap (1912-1981) \u00f5ppis Pallases maalikunsti, Riigi Kunstit\u00f6\u00f6stuskoolis keraamikat ja tarbegraafikat ning 1939 l\u00f5petas Pallase graafikuna. 1943. aastal Soome, sealt edasi Rootsi ning hiljem Kanadasse siirdunud kunstniku tegevus ja looming j\u00e4ttis kustumatu j\u00e4lje kohalikku kunstiellu.<\/p>\n","protected":false},"featured_media":10758,"template":"","meta":{"_acf_changed":false},"product_brand":[],"product_cat":[415,62,59,93],"product_tag":[60],"class_list":{"0":"post-10387","1":"product","2":"type-product","3":"status-publish","4":"has-post-thumbnail","6":"product_cat-maal","7":"product_cat-joonistus","8":"product_cat-e-pood","9":"product_cat-segatehnika","10":"product_tag-e-pood","12":"first","13":"instock","14":"shipping-taxable","15":"purchasable","16":"product-type-simple"},"acf":[],"_links":{"self":[{"href":"https:\/\/alleegalerii.ee\/en\/wp-json\/wp\/v2\/product\/10387","targetHints":{"allow":["GET"]}}],"collection":[{"href":"https:\/\/alleegalerii.ee\/en\/wp-json\/wp\/v2\/product"}],"about":[{"href":"https:\/\/alleegalerii.ee\/en\/wp-json\/wp\/v2\/types\/product"}],"wp:featuredmedia":[{"embeddable":true,"href":"https:\/\/alleegalerii.ee\/en\/wp-json\/wp\/v2\/media\/10758"}],"wp:attachment":[{"href":"https:\/\/alleegalerii.ee\/en\/wp-json\/wp\/v2\/media?parent=10387"}],"wp:term":[{"taxonomy":"product_brand","embeddable":true,"href":"https:\/\/alleegalerii.ee\/en\/wp-json\/wp\/v2\/product_brand?post=10387"},{"taxonomy":"product_cat","embeddable":true,"href":"https:\/\/alleegalerii.ee\/en\/wp-json\/wp\/v2\/product_cat?post=10387"},{"taxonomy":"product_tag","embeddable":true,"href":"https:\/\/alleegalerii.ee\/en\/wp-json\/wp\/v2\/product_tag?post=10387"}],"curies":[{"name":"wp","href":"https:\/\/api.w.org\/{rel}","templated":true}]}}