{"id":10385,"date":"2023-02-10T16:38:10","date_gmt":"2023-02-10T14:38:10","guid":{"rendered":"https:\/\/alleegalerii.ee\/?post_type=product&#038;p=10385"},"modified":"2023-11-14T22:07:13","modified_gmt":"2023-11-14T20:07:13","slug":"erich-pehap-kitarrimangija-1948","status":"publish","type":"product","link":"https:\/\/alleegalerii.ee\/en\/shop\/erich-pehap-kitarrimangija-1948\/","title":{"rendered":"Erich Pehap &#8220;Kitarrim\u00e4ngija&#8221;, 1948"},"content":{"rendered":"","protected":false},"excerpt":{"rendered":"<p>Akvarell. Raamitud.<\/p>\n<p>M\u00f5\u00f5dud: 35,5 x 30 cm. Raamiga 40 x 34,5 cm<\/p>\n<p>All paremal: Pehap 48<\/p>\n<p>Samav\u00f5rd kui Erich Pehap (1912-1981) armastas kunsti, innustus ta ka muusikast. Kooli ajal jazzorkestris m\u00e4nginud mees kandis helid hiljem edasi oma teostele ja nii leiame sageli tema teosteil stseene, milles t\u00e4helepanu on p\u00f6\u00f6ratud meloodiast tulenevale emotsioonile.<\/p>\n","protected":false},"featured_media":10759,"template":"","meta":{"_acf_changed":false},"product_brand":[],"product_cat":[415,54,59],"product_tag":[60],"class_list":{"0":"post-10385","1":"product","2":"type-product","3":"status-publish","4":"has-post-thumbnail","6":"product_cat-maal","7":"product_cat-akvarell","8":"product_cat-e-pood","9":"product_tag-e-pood","11":"first","12":"instock","13":"shipping-taxable","14":"purchasable","15":"product-type-simple"},"acf":[],"_links":{"self":[{"href":"https:\/\/alleegalerii.ee\/en\/wp-json\/wp\/v2\/product\/10385","targetHints":{"allow":["GET"]}}],"collection":[{"href":"https:\/\/alleegalerii.ee\/en\/wp-json\/wp\/v2\/product"}],"about":[{"href":"https:\/\/alleegalerii.ee\/en\/wp-json\/wp\/v2\/types\/product"}],"wp:featuredmedia":[{"embeddable":true,"href":"https:\/\/alleegalerii.ee\/en\/wp-json\/wp\/v2\/media\/10759"}],"wp:attachment":[{"href":"https:\/\/alleegalerii.ee\/en\/wp-json\/wp\/v2\/media?parent=10385"}],"wp:term":[{"taxonomy":"product_brand","embeddable":true,"href":"https:\/\/alleegalerii.ee\/en\/wp-json\/wp\/v2\/product_brand?post=10385"},{"taxonomy":"product_cat","embeddable":true,"href":"https:\/\/alleegalerii.ee\/en\/wp-json\/wp\/v2\/product_cat?post=10385"},{"taxonomy":"product_tag","embeddable":true,"href":"https:\/\/alleegalerii.ee\/en\/wp-json\/wp\/v2\/product_tag?post=10385"}],"curies":[{"name":"wp","href":"https:\/\/api.w.org\/{rel}","templated":true}]}}