{"id":10381,"date":"2023-02-08T14:50:43","date_gmt":"2023-02-08T12:50:43","guid":{"rendered":"https:\/\/alleegalerii.ee\/?post_type=product&#038;p=10381"},"modified":"2025-02-13T12:50:20","modified_gmt":"2025-02-13T10:50:20","slug":"karl-burman-junior-alpikannid-1978","status":"publish","type":"product","link":"https:\/\/alleegalerii.ee\/en\/shop\/karl-burman-junior-alpikannid-1978\/","title":{"rendered":"Karl Burman junior &#8220;Alpikannid&#8221;, 1978"},"content":{"rendered":"","protected":false},"excerpt":{"rendered":"<p>Akvarell, paber. Raamitud (soovitame \u00fcmber raamida).<\/p>\n<p>M\u00f5\u00f5dud: Ava 55 x 75 cm, raamiga 71,5 x 91 cm.<\/p>\n<p>All vasakul: Karl Burman junior 1978. a.<\/p>\n<p>Karl Burman juunior \u00f5ppis akvarelli oma isalt ja onult ning viljeles seda 1930. aastate l\u00f5pust peale. L\u00e4bi aastak\u00fcmnete oli ta \u00fcks eesti tuntumaid akvarelliste ja valitud ka Eesti Akvarellistide \u00dchenduse auliikmeks. Ta maalis p\u00f5hiliselt maastikke, veduute ja lilli. Tema formaadid on \u00fcsna suured, eriti v\u00f5rreldes Karl Burman seeniori omadega. Lillemaalides armastab ta k\u00fcllust ja pidulikkust, mida kinnitab k\u00e4esolev teos.<\/p>\n<p>Teosega saab tutvuda Allee galeriis (palume soovist eelnevalt teada anda).<\/p>\n","protected":false},"featured_media":10382,"template":"","meta":{"_acf_changed":false},"product_brand":[],"product_cat":[415,54,59],"product_tag":[60],"class_list":{"0":"post-10381","1":"product","2":"type-product","3":"status-publish","4":"has-post-thumbnail","6":"product_cat-maal","7":"product_cat-akvarell","8":"product_cat-e-pood","9":"product_tag-e-pood","11":"first","12":"instock","13":"sold-individually","14":"shipping-taxable","15":"purchasable","16":"product-type-simple"},"acf":[],"_links":{"self":[{"href":"https:\/\/alleegalerii.ee\/en\/wp-json\/wp\/v2\/product\/10381","targetHints":{"allow":["GET"]}}],"collection":[{"href":"https:\/\/alleegalerii.ee\/en\/wp-json\/wp\/v2\/product"}],"about":[{"href":"https:\/\/alleegalerii.ee\/en\/wp-json\/wp\/v2\/types\/product"}],"wp:featuredmedia":[{"embeddable":true,"href":"https:\/\/alleegalerii.ee\/en\/wp-json\/wp\/v2\/media\/10382"}],"wp:attachment":[{"href":"https:\/\/alleegalerii.ee\/en\/wp-json\/wp\/v2\/media?parent=10381"}],"wp:term":[{"taxonomy":"product_brand","embeddable":true,"href":"https:\/\/alleegalerii.ee\/en\/wp-json\/wp\/v2\/product_brand?post=10381"},{"taxonomy":"product_cat","embeddable":true,"href":"https:\/\/alleegalerii.ee\/en\/wp-json\/wp\/v2\/product_cat?post=10381"},{"taxonomy":"product_tag","embeddable":true,"href":"https:\/\/alleegalerii.ee\/en\/wp-json\/wp\/v2\/product_tag?post=10381"}],"curies":[{"name":"wp","href":"https:\/\/api.w.org\/{rel}","templated":true}]}}