{"id":10363,"date":"2023-02-03T15:58:31","date_gmt":"2023-02-03T13:58:31","guid":{"rendered":"https:\/\/alleegalerii.ee\/?post_type=product&#038;p=10363"},"modified":"2023-11-14T22:07:10","modified_gmt":"2023-11-14T20:07:10","slug":"eugen-ducker-vaikne-meri-ohtuvalguses-1900-1910","status":"publish","type":"product","link":"https:\/\/alleegalerii.ee\/en\/shop\/eugen-ducker-vaikne-meri-ohtuvalguses-1900-1910\/","title":{"rendered":"Eugen D\u00fccker &#8220;Vaikne meri \u00f5htuvalguses&#8221;, 1900-1910"},"content":{"rendered":"","protected":false},"excerpt":{"rendered":"<p>\u00d5li l\u00f5uendil. Raamitud.<\/p>\n<p>M\u00f5\u00f5dud: 44 x 66 cm, raamiga 56 x 78,5 cm.<\/p>\n<p>All paremal: E. D\u00fccker.<\/p>\n<p>\u00dche tunnustatuima D\u00fcsseldorfi maali\u00f5ppej\u00f5u, Saaremaalt p\u00e4rit Eugen Gustav D\u00fcckeri (1841-1916) teos kannab endas rahu ja vaikust, mida sooja p\u00e4ikese kuldsed kiired veelgi v\u00f5imendavad.<\/p>\n","protected":false},"featured_media":10368,"template":"","meta":{"_acf_changed":false},"product_brand":[],"product_cat":[415,56,59],"product_tag":[60],"class_list":{"0":"post-10363","1":"product","2":"type-product","3":"status-publish","4":"has-post-thumbnail","6":"product_cat-maal","7":"product_cat-olimaal","8":"product_cat-e-pood","9":"product_tag-e-pood","11":"first","12":"outofstock","13":"sold-individually","14":"shipping-taxable","15":"purchasable","16":"product-type-simple"},"acf":[],"_links":{"self":[{"href":"https:\/\/alleegalerii.ee\/en\/wp-json\/wp\/v2\/product\/10363","targetHints":{"allow":["GET"]}}],"collection":[{"href":"https:\/\/alleegalerii.ee\/en\/wp-json\/wp\/v2\/product"}],"about":[{"href":"https:\/\/alleegalerii.ee\/en\/wp-json\/wp\/v2\/types\/product"}],"wp:featuredmedia":[{"embeddable":true,"href":"https:\/\/alleegalerii.ee\/en\/wp-json\/wp\/v2\/media\/10368"}],"wp:attachment":[{"href":"https:\/\/alleegalerii.ee\/en\/wp-json\/wp\/v2\/media?parent=10363"}],"wp:term":[{"taxonomy":"product_brand","embeddable":true,"href":"https:\/\/alleegalerii.ee\/en\/wp-json\/wp\/v2\/product_brand?post=10363"},{"taxonomy":"product_cat","embeddable":true,"href":"https:\/\/alleegalerii.ee\/en\/wp-json\/wp\/v2\/product_cat?post=10363"},{"taxonomy":"product_tag","embeddable":true,"href":"https:\/\/alleegalerii.ee\/en\/wp-json\/wp\/v2\/product_tag?post=10363"}],"curies":[{"name":"wp","href":"https:\/\/api.w.org\/{rel}","templated":true}]}}