{"id":10360,"date":"2023-02-01T22:36:26","date_gmt":"2023-02-01T20:36:26","guid":{"rendered":"https:\/\/alleegalerii.ee\/?post_type=product&#038;p=10360"},"modified":"2024-03-20T20:48:46","modified_gmt":"2024-03-20T18:48:46","slug":"evald-okas-mottes-1974","status":"publish","type":"product","link":"https:\/\/alleegalerii.ee\/en\/shop\/evald-okas-mottes-1974\/","title":{"rendered":"Evald Okas &#8220;M\u00f5ttes&#8221;, 1974"},"content":{"rendered":"","protected":false},"excerpt":{"rendered":"<div class=\"wpb_wrapper is_stuck\">\n<div class=\"wpb_text_column wpb_content_element\">\n<div class=\"wpb_wrapper\">\n<p>M\u00dc\u00dcDUD<\/p>\n<p>Litograafia. Raamitud.<\/p>\n<p>Teose m\u00f5\u00f5dud ilma raamita: 45,5 x 68 cm.<\/p>\n<p>Aktimeister Evald Okase (1915 \u2013 2011) n\u00fcansirikkad litod v\u00f5luvad joonistuse kergusega. Teoses \u201eM\u00f5tted\u201c on kunstnik suutnud modelli jaoks tekitada sooja ning m\u00f5nusa atmosf\u00e4\u00e4ri, kus kaunis naine unustab argimured ning unistavalt fantaasiamaailma vajub. Kontrastiks s\u00e4hvivate s\u00e4demete ning metsiku lillekompositsiooniga taustale on peategelase kehakumerused edasi antud selgete, v\u00e4heste joontega r\u00f5hutamaks veelgi naise naturaalset ilu. M\u00fcstilise looriga on kunstnik katnud vaid modelli n\u00e4o, lisades m\u00f5tteile s\u00fcgavust ning salap\u00e4ra. Juba geenides loomingulisuse kaasa saanud Okase akt on hea n\u00e4ide tema elur\u00f5\u00f5must pakatavast graafikast.<\/p>\n<\/div>\n<\/div>\n<\/div>\n","protected":false},"featured_media":6300,"template":"","meta":{"_acf_changed":false},"product_brand":[],"product_cat":[61,57,59],"product_tag":[60],"class_list":{"0":"post-10360","1":"product","2":"type-product","3":"status-publish","4":"has-post-thumbnail","6":"product_cat-graafika","7":"product_cat-muudud","8":"product_cat-e-pood","9":"product_tag-e-pood","11":"first","12":"outofstock","13":"shipping-taxable","14":"product-type-simple"},"acf":[],"_links":{"self":[{"href":"https:\/\/alleegalerii.ee\/en\/wp-json\/wp\/v2\/product\/10360","targetHints":{"allow":["GET"]}}],"collection":[{"href":"https:\/\/alleegalerii.ee\/en\/wp-json\/wp\/v2\/product"}],"about":[{"href":"https:\/\/alleegalerii.ee\/en\/wp-json\/wp\/v2\/types\/product"}],"wp:featuredmedia":[{"embeddable":true,"href":"https:\/\/alleegalerii.ee\/en\/wp-json\/wp\/v2\/media\/6300"}],"wp:attachment":[{"href":"https:\/\/alleegalerii.ee\/en\/wp-json\/wp\/v2\/media?parent=10360"}],"wp:term":[{"taxonomy":"product_brand","embeddable":true,"href":"https:\/\/alleegalerii.ee\/en\/wp-json\/wp\/v2\/product_brand?post=10360"},{"taxonomy":"product_cat","embeddable":true,"href":"https:\/\/alleegalerii.ee\/en\/wp-json\/wp\/v2\/product_cat?post=10360"},{"taxonomy":"product_tag","embeddable":true,"href":"https:\/\/alleegalerii.ee\/en\/wp-json\/wp\/v2\/product_tag?post=10360"}],"curies":[{"name":"wp","href":"https:\/\/api.w.org\/{rel}","templated":true}]}}